{"id":2482,"date":"2018-04-19T14:17:32","date_gmt":"2018-04-19T17:17:32","guid":{"rendered":"http:\/\/www.vivacquaadvogados.com\/posts\/"},"modified":"2019-09-04T14:34:23","modified_gmt":"2019-09-04T17:34:23","slug":"publications","status":"publish","type":"page","link":"https:\/\/www.vivacquaadvogados.com\/en\/publications\/","title":{"rendered":"Publications"},"content":{"rendered":"<p><div class=\"fusion-fullwidth fullwidth-box fusion-builder-row-1 nonhundred-percent-fullwidth non-hundred-percent-height-scrolling gradient-container-1\" style=\"--awb-background-position:left top;--awb-border-radius-top-left:0px;--awb-border-radius-top-right:0px;--awb-border-radius-bottom-right:0px;--awb-border-radius-bottom-left:0px;--awb-padding-top:100px;--awb-padding-bottom:80px;--awb-border-sizes-top:0px;--awb-border-sizes-bottom:0px;--awb-flex-wrap:wrap;\" ><div class=\"fusion-builder-row fusion-row\"><div class=\"fusion-layout-column fusion_builder_column fusion-builder-column-0 fusion_builder_column_1_1 1_1 fusion-one-full fusion-column-first fusion-column-last fusion-column-no-min-height\" style=\"--awb-bg-size:cover;--awb-margin-bottom:0px;\"><div class=\"fusion-column-wrapper fusion-flex-column-wrapper-legacy\"><div class=\"fusion-sep-clear\"><\/div><div class=\"fusion-separator fusion-full-width-sep\" style=\"margin-left: auto;margin-right: auto;width:100%;\"><div class=\"fusion-separator-border sep-single sep-solid\" style=\"--awb-height:20px;--awb-amount:20px;--awb-sep-color:#55a098;border-color:#55a098;border-top-width:5px;\"><\/div><\/div><div class=\"fusion-sep-clear\"><\/div><div class=\"fusion-clearfix\"><\/div><\/div><\/div><div class=\"fusion-layout-column fusion_builder_column fusion-builder-column-1 fusion_builder_column_1_1 1_1 fusion-one-full fusion-column-first fusion-column-last green-border rounded-border\" style=\"--awb-padding-top:60px;--awb-padding-right:60px;--awb-padding-bottom:60px;--awb-padding-left:60px;--awb-bg-color:#ffffff;--awb-bg-color-hover:#ffffff;--awb-bg-size:cover;--awb-border-color:#e2e2e2;--awb-border-top:1px;--awb-border-right:1px;--awb-border-bottom:1px;--awb-border-left:1px;--awb-border-style:solid;--awb-margin-bottom:45px;\"><div class=\"fusion-column-wrapper fusion-flex-column-wrapper-legacy\"><div class=\"fusion-column-content-centered\"><div class=\"fusion-column-content\"><div class=\"fusion-blog-shortcode fusion-blog-shortcode-1 fusion-blog-archive fusion-blog-layout-medium fusion-blog-pagination fusion-blog-no-images\"><div class=\"fusion-posts-container fusion-posts-container-pagination\" data-pages=\"7\"><article id=\"blog-1-post-5827\" class=\"fusion-post-medium post-5827 post type-post status-publish format-standard hentry category-publications\">\n<div class=\"fusion-post-content post-content\"><h2 class=\"blog-shortcode-post-title entry-title\"><a href=\"https:\/\/www.vivacquaadvogados.com\/en\/brazilian-internal-revenue-service-publishes-regulatory-instruction-discussing-the-obligation-to-provide-information-relating-to-cryptoactive-operations\/\">Brazilian Internal Revenue Service Publishes Regulatory Instruction Discussing The Obligation To Provide Information Relating To Cryptoactive Operations<\/a><\/h2><\/div><div class=\"fusion-clearfix\"><\/div><div class=\"fusion-meta-info\"><span class=\"vcard\" style=\"display: none;\"><span class=\"fn\"><a href=\"https:\/\/www.vivacquaadvogados.com\/en\/author\/felipe\/\" title=\"Posts by felipe\" rel=\"author\">felipe<\/a><\/span><\/span><span class=\"updated\" style=\"display:none;\">2019-08-01T09:34:20-03:00<\/span><div class=\"fusion-alignright\"><a class=\"fusion-read-more\" href=\"https:\/\/www.vivacquaadvogados.com\/en\/brazilian-internal-revenue-service-publishes-regulatory-instruction-discussing-the-obligation-to-provide-information-relating-to-cryptoactive-operations\/\" aria-label=\"More on Brazilian Internal Revenue Service Publishes Regulatory Instruction Discussing The Obligation To Provide Information Relating To Cryptoactive Operations\">Read More<\/a><\/div><\/div><\/article>\n<article id=\"blog-1-post-5825\" class=\"fusion-post-medium post-5825 post type-post status-publish format-standard hentry category-publications\">\n<div class=\"fusion-post-content post-content\"><h2 class=\"blog-shortcode-post-title entry-title\"><a href=\"https:\/\/www.vivacquaadvogados.com\/en\/national-department-of-business-registration-and-integration-of-the-ministry-of-economy-departamento-nacional-de-registro-empresarial-e-integracao-do-ministerio-da-economia\/\">NATIONAL DEPARTMENT OF BUSINESS REGISTRATION AND INTEGRATION OF THE MINISTRY OF ECONOMY (\u201cDEPARTAMENTO NACIONAL DE REGISTRO EMPRESARIAL E INTEGRA\u00c7\u00c3O DO MINIST\u00c9RIO DA ECONOMIA\u201d \u2013 \u201cDREI\u201d)- NORMATIVE INSTRUCTION No. 59 SIMPLIFIES THE PROCEDURE FOR OPENING, ALTERATION AND CLOSURE OF BRANCHES OF FOREIGN COMPANIES IN BRAZIL<\/a><\/h2><\/div><div class=\"fusion-clearfix\"><\/div><div class=\"fusion-meta-info\"><span class=\"vcard\" style=\"display: none;\"><span class=\"fn\"><a href=\"https:\/\/www.vivacquaadvogados.com\/en\/author\/felipe\/\" title=\"Posts by felipe\" rel=\"author\">felipe<\/a><\/span><\/span><span class=\"updated\" style=\"display:none;\">2019-08-01T09:31:17-03:00<\/span><div class=\"fusion-alignright\"><a class=\"fusion-read-more\" href=\"https:\/\/www.vivacquaadvogados.com\/en\/national-department-of-business-registration-and-integration-of-the-ministry-of-economy-departamento-nacional-de-registro-empresarial-e-integracao-do-ministerio-da-economia\/\" aria-label=\"More on NATIONAL DEPARTMENT OF BUSINESS REGISTRATION AND INTEGRATION OF THE MINISTRY OF ECONOMY (\u201cDEPARTAMENTO NACIONAL DE REGISTRO EMPRESARIAL E INTEGRA\u00c7\u00c3O DO MINIST\u00c9RIO DA ECONOMIA\u201d \u2013 \u201cDREI\u201d)- NORMATIVE INSTRUCTION No. 59 SIMPLIFIES THE PROCEDURE FOR OPENING, ALTERATION AND CLOSURE OF BRANCHES OF FOREIGN COMPANIES IN BRAZIL\">Read More<\/a><\/div><\/div><\/article>\n<article id=\"blog-1-post-5823\" class=\"fusion-post-medium post-5823 post type-post status-publish format-standard hentry category-publications\">\n<div class=\"fusion-post-content post-content\"><h2 class=\"blog-shortcode-post-title entry-title\"><a href=\"https:\/\/www.vivacquaadvogados.com\/en\/anbima-regulations-amendments-create-obligations-applicable-to-restricted-debentures-offers\/\">\u201cANBIMA\u201d REGULATIONS &#8211; AMENDMENTS CREATE OBLIGATIONS APPLICABLE TO \u201cRESTRICTED DEBENTURES OFFERS\u201d<\/a><\/h2><\/div><div class=\"fusion-clearfix\"><\/div><div class=\"fusion-meta-info\"><span class=\"vcard\" style=\"display: none;\"><span class=\"fn\"><a href=\"https:\/\/www.vivacquaadvogados.com\/en\/author\/felipe\/\" title=\"Posts by felipe\" rel=\"author\">felipe<\/a><\/span><\/span><span class=\"updated\" style=\"display:none;\">2019-08-01T09:29:11-03:00<\/span><div class=\"fusion-alignright\"><a class=\"fusion-read-more\" href=\"https:\/\/www.vivacquaadvogados.com\/en\/anbima-regulations-amendments-create-obligations-applicable-to-restricted-debentures-offers\/\" aria-label=\"More on \u201cANBIMA\u201d REGULATIONS &#8211; AMENDMENTS CREATE OBLIGATIONS APPLICABLE TO \u201cRESTRICTED DEBENTURES OFFERS\u201d\">Read More<\/a><\/div><\/div><\/article>\n<article id=\"blog-1-post-5821\" class=\"fusion-post-medium post-5821 post type-post status-publish format-standard hentry category-publications\">\n<div class=\"fusion-post-content post-content\"><h2 class=\"blog-shortcode-post-title entry-title\"><a href=\"https:\/\/www.vivacquaadvogados.com\/en\/brazilian-securities-and-exchange-commission-comissao-de-valores-mobiliarios-cvm-issues-instruction-that-implements-specific-rules-in-respect-of-incenti\/\">BRAZILIAN SECURITIES AND EXCHANGE COMMISSION (\u201cCOMISS\u00c3O DE VALORES MOBILI\u00c1RIOS\u201d \u2013 \u201cCVM\u201d) ISSUES INSTRUCTION THAT IMPLEMENTS SPECIFIC RULES IN RESPECT OF INCENTIVES OF INVESTMENT FUNDS IN INFRASTRUCTURE<\/a><\/h2><\/div><div class=\"fusion-clearfix\"><\/div><div class=\"fusion-meta-info\"><span class=\"vcard\" style=\"display: none;\"><span class=\"fn\"><a href=\"https:\/\/www.vivacquaadvogados.com\/en\/author\/felipe\/\" title=\"Posts by felipe\" rel=\"author\">felipe<\/a><\/span><\/span><span class=\"updated\" style=\"display:none;\">2019-08-01T09:25:52-03:00<\/span><div class=\"fusion-alignright\"><a class=\"fusion-read-more\" href=\"https:\/\/www.vivacquaadvogados.com\/en\/brazilian-securities-and-exchange-commission-comissao-de-valores-mobiliarios-cvm-issues-instruction-that-implements-specific-rules-in-respect-of-incenti\/\" aria-label=\"More on BRAZILIAN SECURITIES AND EXCHANGE COMMISSION (\u201cCOMISS\u00c3O DE VALORES MOBILI\u00c1RIOS\u201d \u2013 \u201cCVM\u201d) ISSUES INSTRUCTION THAT IMPLEMENTS SPECIFIC RULES IN RESPECT OF INCENTIVES OF INVESTMENT FUNDS IN INFRASTRUCTURE\">Read More<\/a><\/div><\/div><\/article>\n<article id=\"blog-1-post-5816\" class=\"fusion-post-medium post-5816 post type-post status-publish format-standard hentry category-publications\">\n<div class=\"fusion-post-content post-content\"><h2 class=\"blog-shortcode-post-title entry-title\"><a href=\"https:\/\/www.vivacquaadvogados.com\/en\/brazilian-bar-association-rio-de-janeiro-section-oab-rj-improvement-course-corporate-law\/\">BRAZILIAN BAR ASSOCIATION RIO DE JANEIRO SECTION \u201cOAB\/RJ\u201d &#8211; IMPROVEMENT COURSE &#8211; CORPORATE LAW<\/a><\/h2><\/div><div class=\"fusion-clearfix\"><\/div><div class=\"fusion-meta-info\"><span class=\"vcard\" style=\"display: none;\"><span class=\"fn\"><a href=\"https:\/\/www.vivacquaadvogados.com\/en\/author\/felipe\/\" title=\"Posts by felipe\" rel=\"author\">felipe<\/a><\/span><\/span><span class=\"updated\" style=\"display:none;\">2019-08-01T09:22:35-03:00<\/span><div class=\"fusion-alignright\"><a class=\"fusion-read-more\" href=\"https:\/\/www.vivacquaadvogados.com\/en\/brazilian-bar-association-rio-de-janeiro-section-oab-rj-improvement-course-corporate-law\/\" aria-label=\"More on BRAZILIAN BAR ASSOCIATION RIO DE JANEIRO SECTION \u201cOAB\/RJ\u201d &#8211; IMPROVEMENT COURSE &#8211; CORPORATE LAW\">Read More<\/a><\/div><\/div><\/article>\n<article id=\"blog-1-post-5814\" class=\"fusion-post-medium post-5814 post type-post status-publish format-standard hentry category-publications\">\n<div class=\"fusion-post-content post-content\"><h2 class=\"blog-shortcode-post-title entry-title\"><a href=\"https:\/\/www.vivacquaadvogados.com\/en\/securities-and-exchange-commission-comissao-de-valores-mobiliarios-cvm-resolution-n-809-approves-procedure-regarding-the-registration-of-public-offerings-and-of\/\">SECURITIES AND EXCHANGE COMMISSION (\u201cCOMISS\u00c3O DE VALORES MOBIL\u00cd\u00c1RIOS \u2013 CVM\u201d) &#8211; RESOLUTION N \u00b0 809 APPROVES PROCEDURE REGARDING THE REGISTRATION OF PUBLIC OFFERINGS AND OF SECURITIES ISSUERS<\/a><\/h2><\/div><div class=\"fusion-clearfix\"><\/div><div class=\"fusion-meta-info\"><span class=\"vcard\" style=\"display: none;\"><span class=\"fn\"><a href=\"https:\/\/www.vivacquaadvogados.com\/en\/author\/felipe\/\" title=\"Posts by felipe\" rel=\"author\">felipe<\/a><\/span><\/span><span class=\"updated\" style=\"display:none;\">2019-08-01T09:19:46-03:00<\/span><div class=\"fusion-alignright\"><a class=\"fusion-read-more\" href=\"https:\/\/www.vivacquaadvogados.com\/en\/securities-and-exchange-commission-comissao-de-valores-mobiliarios-cvm-resolution-n-809-approves-procedure-regarding-the-registration-of-public-offerings-and-of\/\" aria-label=\"More on SECURITIES AND EXCHANGE COMMISSION (\u201cCOMISS\u00c3O DE VALORES MOBIL\u00cd\u00c1RIOS \u2013 CVM\u201d) &#8211; RESOLUTION N \u00b0 809 APPROVES PROCEDURE REGARDING THE REGISTRATION OF PUBLIC OFFERINGS AND OF SECURITIES ISSUERS\">Read More<\/a><\/div><\/div><\/article>\n<article id=\"blog-1-post-5812\" class=\"fusion-post-medium post-5812 post type-post status-publish format-standard hentry category-publications\">\n<div class=\"fusion-post-content post-content\"><h2 class=\"blog-shortcode-post-title entry-title\"><a href=\"https:\/\/www.vivacquaadvogados.com\/en\/brazilian-securities-and-exchange-commission-comissao-de-valores-mobiliarios-cvm-oriented-on-the-disclosure-of-information-arising-from-the-accounting-plan-of-investment\/\">BRAZILIAN SECURITIES AND EXCHANGE COMMISSION (COMISS\u00c3O DE VALORES MOBILI\u00c1RIOS \u2013 \u201cCVM\u201d) ORIENTED ON THE DISCLOSURE OF INFORMATION ARISING FROM THE ACCOUNTING PLAN OF INVESTMENT FUNDS<\/a><\/h2><\/div><div class=\"fusion-clearfix\"><\/div><div class=\"fusion-meta-info\"><span class=\"vcard\" style=\"display: none;\"><span class=\"fn\"><a href=\"https:\/\/www.vivacquaadvogados.com\/en\/author\/felipe\/\" title=\"Posts by felipe\" rel=\"author\">felipe<\/a><\/span><\/span><span class=\"updated\" style=\"display:none;\">2019-08-01T09:14:41-03:00<\/span><div class=\"fusion-alignright\"><a class=\"fusion-read-more\" href=\"https:\/\/www.vivacquaadvogados.com\/en\/brazilian-securities-and-exchange-commission-comissao-de-valores-mobiliarios-cvm-oriented-on-the-disclosure-of-information-arising-from-the-accounting-plan-of-investment\/\" aria-label=\"More on BRAZILIAN SECURITIES AND EXCHANGE COMMISSION (COMISS\u00c3O DE VALORES MOBILI\u00c1RIOS \u2013 \u201cCVM\u201d) ORIENTED ON THE DISCLOSURE OF INFORMATION ARISING FROM THE ACCOUNTING PLAN OF INVESTMENT FUNDS\">Read More<\/a><\/div><\/div><\/article>\n<article id=\"blog-1-post-5810\" class=\"fusion-post-medium post-5810 post type-post status-publish format-standard hentry category-publications\">\n<div class=\"fusion-post-content post-content\"><h2 class=\"blog-shortcode-post-title entry-title\"><a href=\"https:\/\/www.vivacquaadvogados.com\/en\/brazilian-securities-and-exchange-commission-announces-2019-regulatory-agenda\/\">BRAZILIAN SECURITIES AND EXCHANGE COMMISSION ANNOUNCES 2019 REGULATORY AGENDA<\/a><\/h2><\/div><div class=\"fusion-clearfix\"><\/div><div class=\"fusion-meta-info\"><span class=\"vcard\" style=\"display: none;\"><span class=\"fn\"><a href=\"https:\/\/www.vivacquaadvogados.com\/en\/author\/felipe\/\" title=\"Posts by felipe\" rel=\"author\">felipe<\/a><\/span><\/span><span class=\"updated\" style=\"display:none;\">2019-08-01T09:10:39-03:00<\/span><div class=\"fusion-alignright\"><a class=\"fusion-read-more\" href=\"https:\/\/www.vivacquaadvogados.com\/en\/brazilian-securities-and-exchange-commission-announces-2019-regulatory-agenda\/\" aria-label=\"More on BRAZILIAN SECURITIES AND EXCHANGE COMMISSION ANNOUNCES 2019 REGULATORY AGENDA\">Read More<\/a><\/div><\/div><\/article>\n<article id=\"blog-1-post-5808\" class=\"fusion-post-medium post-5808 post type-post status-publish format-standard hentry category-publications\">\n<div class=\"fusion-post-content post-content\"><h2 class=\"blog-shortcode-post-title entry-title\"><a href=\"https:\/\/www.vivacquaadvogados.com\/en\/brazilian-central-bank-banco-central-do-brasil-bacen-resolution-came-into-force-providing-related-party-credit-operations\/\">BRAZILIAN CENTRAL BANK (\u201cBANCO CENTRAL DO BRASIL \u2013 BACEN\u201d) RESOLUTION CAME INTO FORCE PROVIDING RELATED PARTY CREDIT OPERATIONS<\/a><\/h2><\/div><div class=\"fusion-clearfix\"><\/div><div class=\"fusion-meta-info\"><span class=\"vcard\" style=\"display: none;\"><span class=\"fn\"><a href=\"https:\/\/www.vivacquaadvogados.com\/en\/author\/felipe\/\" title=\"Posts by felipe\" rel=\"author\">felipe<\/a><\/span><\/span><span class=\"updated\" style=\"display:none;\">2019-08-01T09:08:24-03:00<\/span><div class=\"fusion-alignright\"><a class=\"fusion-read-more\" href=\"https:\/\/www.vivacquaadvogados.com\/en\/brazilian-central-bank-banco-central-do-brasil-bacen-resolution-came-into-force-providing-related-party-credit-operations\/\" aria-label=\"More on BRAZILIAN CENTRAL BANK (\u201cBANCO CENTRAL DO BRASIL \u2013 BACEN\u201d) RESOLUTION CAME INTO FORCE PROVIDING RELATED PARTY CREDIT OPERATIONS\">Read More<\/a><\/div><\/div><\/article>\n<article id=\"blog-1-post-5806\" class=\"fusion-post-medium post-5806 post type-post status-publish format-standard hentry category-publications\">\n<div class=\"fusion-post-content post-content\"><h2 class=\"blog-shortcode-post-title entry-title\"><a href=\"https:\/\/www.vivacquaadvogados.com\/en\/brazilian-bar-association-rio-de-janeiro-section-oab-rj-indication-presidency-special-licitation-and-administrative-contracts-commission-celca\/\">BRAZILIAN BAR ASSOCIATION RIO DE JANEIRO SECTION \u201cOAB\/RJ\u201d &#8211; INDICATION- PRESIDENCY &#8211; SPECIAL LICITATION AND ADMINISTRATIVE CONTRACTS COMMISSION (&#8220;CELCA&#8221;)<\/a><\/h2><\/div><div class=\"fusion-clearfix\"><\/div><div class=\"fusion-meta-info\"><span class=\"vcard\" style=\"display: none;\"><span class=\"fn\"><a href=\"https:\/\/www.vivacquaadvogados.com\/en\/author\/felipe\/\" title=\"Posts by felipe\" rel=\"author\">felipe<\/a><\/span><\/span><span class=\"updated\" style=\"display:none;\">2019-08-01T09:03:55-03:00<\/span><div class=\"fusion-alignright\"><a class=\"fusion-read-more\" href=\"https:\/\/www.vivacquaadvogados.com\/en\/brazilian-bar-association-rio-de-janeiro-section-oab-rj-indication-presidency-special-licitation-and-administrative-contracts-commission-celca\/\" aria-label=\"More on BRAZILIAN BAR ASSOCIATION RIO DE JANEIRO SECTION \u201cOAB\/RJ\u201d &#8211; INDICATION- PRESIDENCY &#8211; SPECIAL LICITATION AND ADMINISTRATIVE CONTRACTS COMMISSION (&#8220;CELCA&#8221;)\">Read More<\/a><\/div><\/div><\/article>\n<\/div><div class=\"pagination clearfix\"><span class=\"current\">1<\/span><a href=\"https:\/\/www.vivacquaadvogados.com\/en\/wp-json\/wp\/v2\/pages\/2482\/page\/2\/\" class=\"inactive\">2<\/a><a class=\"pagination-next\" rel=\"next\" href=\"https:\/\/www.vivacquaadvogados.com\/en\/wp-json\/wp\/v2\/pages\/2482\/page\/2\/\"><span class=\"page-text\">Next<\/span><span class=\"page-next\"><\/span><\/a><\/div><div class=\"fusion-clearfix\"><\/div><\/div><\/div><\/div><div class=\"fusion-clearfix\"><\/div><\/div><\/div><\/div><\/div><div class=\"fusion-bg-parallax\" data-bg-align=\"center center\" data-direction=\"up\" data-mute=\"false\" data-opacity=\"100\" data-velocity=\"-0.5\" data-mobile-enabled=\"false\" data-break_parents=\"0\" data-bg-image=\"http:\/\/www.vivacquaadvogados.com\/wp-content\/uploads\/2015\/02\/where-we-work-parallax-3.jpg\" data-bg-repeat=\"false\" ><\/div><div class=\"fusion-fullwidth fullwidth-box fusion-builder-row-2 fusion-parallax-up nonhundred-percent-fullwidth non-hundred-percent-height-scrolling gradient-container-2\" style=\"--awb-border-radius-top-left:0px;--awb-border-radius-top-right:0px;--awb-border-radius-bottom-right:0px;--awb-border-radius-bottom-left:0px;--awb-padding-top:150px;--awb-padding-bottom:160px;--awb-margin-bottom:50px;--awb-background-image:url(&quot;http:\/\/www.vivacquaadvogados.com\/wp-content\/uploads\/2015\/02\/where-we-work-parallax-3.jpg&quot;);--awb-background-size:cover;--awb-border-sizes-top:0px;--awb-border-sizes-bottom:0px;--awb-flex-wrap:wrap;\" ><div class=\"fusion-builder-row fusion-row\"><div class=\"fusion-layout-column fusion_builder_column fusion-builder-column-2 fusion_builder_column_1_1 1_1 fusion-one-full fusion-column-first fusion-column-last fusion-column-no-min-height\" style=\"--awb-bg-size:cover;--awb-margin-bottom:0px;\"><div class=\"fusion-column-wrapper fusion-flex-column-wrapper-legacy\"><div class=\"fusion-text fusion-text-1\"><h2 style=\"text-align: center;\"><span style=\"color: #ffffff;\">PLEASE FEEL FREE TO CONTACT<br \/>\nUS IN CASE OF ANY DOUBT<br \/>\n<\/span><\/h2>\n<\/div><div class=\"fusion-sep-clear\"><\/div><div class=\"fusion-separator\" style=\"margin-left: auto;margin-right: auto;margin-top:10px;margin-bottom:30px;width:100%;max-width:170px;\"><div class=\"fusion-separator-border sep-single sep-solid\" style=\"--awb-height:20px;--awb-amount:20px;--awb-sep-color:#444c56;border-color:#444c56;border-top-width:1px;\"><\/div><\/div><div class=\"fusion-sep-clear\"><\/div><div class=\"fusion-clearfix\"><\/div><\/div><\/div><div class=\"fusion-layout-column fusion_builder_column fusion-builder-column-3 fusion_builder_column_1_1 1_1 fusion-one-full fusion-column-first fusion-column-last fusion-column-no-min-height\" style=\"--awb-bg-size:cover;--awb-margin-bottom:0px;\"><div class=\"fusion-column-wrapper fusion-flex-column-wrapper-legacy\"><div class=\"fusion-sep-clear\"><\/div><div class=\"fusion-separator\" style=\"margin-left: auto;margin-right: auto;margin-top:30px;width:100%;max-width:170px;\"><\/div><div class=\"fusion-sep-clear\"><\/div><div class=\"fusion-aligncenter\"><a class=\"fusion-button button-flat button-large button-default fusion-button-default button-1 fusion-button-default-span \" target=\"_self\" href=\"http:\/\/www.vivacquaadvogados.com\/en\/adresses\/\"><span class=\"fusion-button-text awb-button__text awb-button__text--default\">CONTACT US<\/span><\/a><\/div><div class=\"fusion-clearfix\"><\/div><\/div><\/div><\/div><\/div><\/p>\n","protected":false},"excerpt":{"rendered":"","protected":false},"author":1,"featured_media":0,"parent":0,"menu_order":0,"comment_status":"closed","ping_status":"open","template":"","meta":{"footnotes":""},"class_list":["post-2482","page","type-page","status-publish","hentry"],"_links":{"self":[{"href":"https:\/\/www.vivacquaadvogados.com\/en\/wp-json\/wp\/v2\/pages\/2482\/"}],"collection":[{"href":"https:\/\/www.vivacquaadvogados.com\/en\/wp-json\/wp\/v2\/pages\/"}],"about":[{"href":"https:\/\/www.vivacquaadvogados.com\/en\/wp-json\/wp\/v2\/types\/page\/"}],"author":[{"embeddable":true,"href":"https:\/\/www.vivacquaadvogados.com\/en\/wp-json\/wp\/v2\/users\/1\/"}],"replies":[{"embeddable":true,"href":"https:\/\/www.vivacquaadvogados.com\/en\/wp-json\/wp\/v2\/comments\/?post=2482"}],"version-history":[{"count":18,"href":"https:\/\/www.vivacquaadvogados.com\/en\/wp-json\/wp\/v2\/pages\/2482\/revisions\/"}],"predecessor-version":[{"id":5924,"href":"https:\/\/www.vivacquaadvogados.com\/en\/wp-json\/wp\/v2\/pages\/2482\/revisions\/5924\/"}],"wp:attachment":[{"href":"https:\/\/www.vivacquaadvogados.com\/en\/wp-json\/wp\/v2\/media\/?parent=2482"}],"curies":[{"name":"wp","href":"https:\/\/api.w.org\/{rel}","templated":true}]}}