{"id":2662,"date":"2018-04-24T18:44:34","date_gmt":"2018-04-24T21:44:34","guid":{"rendered":"http:\/\/www.vivacquaadvogados.com\/organizational-identity\/"},"modified":"2018-06-16T14:11:47","modified_gmt":"2018-06-16T17:11:47","slug":"organizational-identity","status":"publish","type":"page","link":"https:\/\/www.vivacquaadvogados.com\/en\/organizational-identity\/","title":{"rendered":"Organizational Identity"},"content":{"rendered":"<p><div class=\"fusion-fullwidth fullwidth-box fusion-builder-row-1 nonhundred-percent-fullwidth non-hundred-percent-height-scrolling gradient-container-1\" style=\"--awb-border-radius-top-left:0px;--awb-border-radius-top-right:0px;--awb-border-radius-bottom-right:0px;--awb-border-radius-bottom-left:0px;--awb-flex-wrap:wrap;\" ><div class=\"fusion-builder-row fusion-row\"><div class=\"fusion-layout-column fusion_builder_column fusion-builder-column-0 fusion_builder_column_1_1 1_1 fusion-one-full fusion-column-first fusion-column-last\" style=\"--awb-bg-size:cover;\"><div class=\"fusion-column-wrapper fusion-flex-column-wrapper-legacy\"><div class=\"fusion-image-element fusion-image-align-center in-legacy-container\" style=\"text-align:center;--awb-caption-title-font-family:var(--h2_typography-font-family);--awb-caption-title-font-weight:var(--h2_typography-font-weight);--awb-caption-title-font-style:var(--h2_typography-font-style);--awb-caption-title-size:var(--h2_typography-font-size);--awb-caption-title-transform:var(--h2_typography-text-transform);--awb-caption-title-line-height:var(--h2_typography-line-height);--awb-caption-title-letter-spacing:var(--h2_typography-letter-spacing);\"><div class=\"imageframe-align-center\"><span class=\" fusion-imageframe imageframe-none imageframe-1 hover-type-none\" style=\"border-radius:50%;\"><img decoding=\"async\" width=\"294\" height=\"294\" src=\"http:\/\/www.vivacquaadvogados.com\/wp-content\/uploads\/2018\/04\/org_1-1.jpg\" alt class=\"img-responsive wp-image-3061\" srcset=\"https:\/\/www.vivacquaadvogados.com\/wp-content\/uploads\/2018\/04\/org_1-1-200x200.jpg 200w, https:\/\/www.vivacquaadvogados.com\/wp-content\/uploads\/2018\/04\/org_1-1.jpg 294w\" sizes=\"(max-width: 800px) 100vw, 294px\" \/><\/span><\/div><\/div><div class=\"fusion-sep-clear\"><\/div><div class=\"fusion-separator\" style=\"margin-left: auto;margin-right: auto;margin-top:60px;margin-bottom:60px;width:100%;max-width:500px;\"><div class=\"fusion-separator-border sep-shadow\" style=\"--awb-height:20px;--awb-amount:20px;background:radial-gradient(ellipse at 50% -50% , #e0dede 0px, rgba(255, 255, 255, 0) 80%) repeat scroll 0 0 rgba(0, 0, 0, 0);background:-webkit-radial-gradient(ellipse at 50% -50% , #e0dede 0px, rgba(255, 255, 255, 0) 80%) repeat scroll 0 0 rgba(0, 0, 0, 0);background:-moz-radial-gradient(ellipse at 50% -50% , #e0dede 0px, rgba(255, 255, 255, 0) 80%) repeat scroll 0 0 rgba(0, 0, 0, 0);background:-o-radial-gradient(ellipse at 50% -50% , #e0dede 0px, rgba(255, 255, 255, 0) 80%) repeat scroll 0 0 rgba(0, 0, 0, 0);\"><\/div><\/div><div class=\"fusion-sep-clear\"><\/div><div class=\"fusion-clearfix\"><\/div><\/div><\/div><\/div><\/div><div class=\"fusion-fullwidth fullwidth-box fusion-builder-row-2 nonhundred-percent-fullwidth non-hundred-percent-height-scrolling gradient-container-2\" style=\"--awb-border-radius-top-left:0px;--awb-border-radius-top-right:0px;--awb-border-radius-bottom-right:0px;--awb-border-radius-bottom-left:0px;--awb-flex-wrap:wrap;\" ><div class=\"fusion-builder-row fusion-row\"><div class=\"fusion-layout-column fusion_builder_column fusion-builder-column-1 fusion_builder_column_1_2 1_2 fusion-one-half fusion-column-first\" style=\"--awb-bg-size:cover;width:50%;width:calc(50% - ( ( 10px ) * 0.5 ) );margin-right: 10px;\"><div class=\"fusion-column-wrapper fusion-flex-column-wrapper-legacy\"><div class=\"fusion-content-boxes content-boxes columns row fusion-columns-1 fusion-columns-total-1 fusion-content-boxes-1 content-boxes-icon-boxed content-left\" style=\"--awb-body-color:#000000;--awb-iconcolor:#004830;--awb-margin-top:50px;--awb-hover-accent-color:#a3a3a3;--awb-circle-hover-accent-color:#a3a3a3;--awb-item-margin-bottom:40px;\" data-animationOffset=\"top-into-view\"><div style=\"--awb-backgroundcolor:transparent;--awb-iconcolor:#004830;\" class=\"fusion-column content-box-column content-box-column content-box-column-1 col-lg-12 col-md-12 col-sm-12 fusion-content-box-hover content-box-column-last content-box-column-last-in-row\"><div class=\"col content-box-wrapper content-wrapper content-wrapper-boxed link-area-box content-icon-wrapper-yes icon-wrapper-hover-animation-pulsate\" data-animationOffset=\"top-into-view\"><div class=\"heading heading-with-icon icon-left\"><div class=\"icon\"><span style=\"height:82px;width:82px;line-height:42px;border-color:#004830;border-width:1px;border-style:solid;background-color:#004830;position:absolute;top:-91px;margin-left:-41px;box-sizing:content-box;border-radius:50%;\"><i style=\"border-color:#004830;border-width:1px;background-color:#ffffff;box-sizing:content-box;height:80px;width:80px;line-height:80px;border-radius:50%;position:relative;top:auto;left:auto;margin:0;border-radius:50%;font-size:40px;\" aria-hidden=\"true\" class=\"fontawesome-icon fa-check fas circle-yes\"><\/i><\/span><\/div><h2 class=\"content-box-heading\" style=\"--h2_typography-font-size:30px;line-height:35px;\">Mission<\/h2><\/div><div class=\"fusion-clearfix\"><\/div><div class=\"content-container\">\n<p style=\"font-size: 18px;\">Assist our clients in managing their business in response to the growing requirements of economic development and the government administration.<\/p>\n<\/div><\/div><\/div><div class=\"fusion-clearfix\"><\/div><\/div><div class=\"fusion-clearfix\"><\/div><\/div><\/div><div class=\"fusion-layout-column fusion_builder_column fusion-builder-column-2 fusion_builder_column_1_2 1_2 fusion-one-half fusion-column-last\" style=\"--awb-bg-size:cover;width:50%;width:calc(50% - ( ( 10px ) * 0.5 ) );\"><div class=\"fusion-column-wrapper fusion-flex-column-wrapper-legacy\"><div class=\"fusion-content-boxes content-boxes columns row fusion-columns-1 fusion-columns-total-1 fusion-content-boxes-2 content-boxes-icon-boxed content-left\" style=\"--awb-body-color:#000000;--awb-iconcolor:#004830;--awb-margin-top:50px;--awb-hover-accent-color:#a3a3a3;--awb-circle-hover-accent-color:#a3a3a3;--awb-item-margin-bottom:40px;\" data-animationOffset=\"top-into-view\"><div style=\"--awb-backgroundcolor:transparent;--awb-iconcolor:#004830;\" class=\"fusion-column content-box-column content-box-column content-box-column-1 col-lg-12 col-md-12 col-sm-12 fusion-content-box-hover content-box-column-last content-box-column-last-in-row\"><div class=\"col content-box-wrapper content-wrapper content-wrapper-boxed link-area-box icon-hover-animation-pulsate\" data-animationOffset=\"top-into-view\"><div class=\"heading heading-with-icon icon-left\"><div class=\"icon\"><i style=\"border-color:#004830;border-width:1px;background-color:#ffffff;box-sizing:content-box;height:80px;width:80px;line-height:80px;top:-90px;margin-left:-40px;border-radius:50%;font-size:40px;\" aria-hidden=\"true\" class=\"fontawesome-icon fa-check fas circle-yes\"><\/i><\/div><h2 class=\"content-box-heading\" style=\"--h2_typography-font-size:30px;line-height:35px;\">Vision<\/h2><\/div><div class=\"fusion-clearfix\"><\/div><div class=\"content-container\">\n<p style=\"font-size: 18px;\">Be the leading organization for the client in the integrated treatment of legal aid, with pro-active role in institutional development.<\/p>\n<\/div><\/div><\/div><div class=\"fusion-clearfix\"><\/div><\/div><div class=\"fusion-clearfix\"><\/div><\/div><\/div><div class=\"fusion-layout-column fusion_builder_column fusion-builder-column-3 fusion_builder_column_1_1 1_1 fusion-one-full fusion-column-first fusion-column-last\" style=\"--awb-bg-size:cover;\"><div class=\"fusion-column-wrapper fusion-flex-column-wrapper-legacy\"><div class=\"fusion-content-boxes content-boxes columns row fusion-columns-1 fusion-columns-total-1 fusion-content-boxes-3 content-boxes-icon-boxed content-left\" style=\"--awb-body-color:#000000;--awb-iconcolor:#004830;--awb-hover-accent-color:#a3a3a3;--awb-circle-hover-accent-color:#a3a3a3;--awb-item-margin-bottom:40px;\" data-animationOffset=\"top-into-view\"><div style=\"--awb-backgroundcolor:transparent;--awb-iconcolor:#004830;\" class=\"fusion-column content-box-column content-box-column content-box-column-1 col-lg-12 col-md-12 col-sm-12 fusion-content-box-hover content-box-column-last content-box-column-last-in-row\"><div class=\"col content-box-wrapper content-wrapper content-wrapper-boxed link-area-box icon-hover-animation-pulsate\" data-animationOffset=\"top-into-view\"><div class=\"heading heading-with-icon icon-left\"><div class=\"icon\"><i style=\"border-color:#004830;border-width:1px;background-color:#ffffff;box-sizing:content-box;height:80px;width:80px;line-height:80px;top:-90px;margin-left:-40px;border-radius:50%;font-size:40px;\" aria-hidden=\"true\" class=\"fontawesome-icon fa-check fas circle-yes\"><\/i><\/div><h2 class=\"content-box-heading\" style=\"--h2_typography-font-size:30px;line-height:35px;\">Values<\/h2><\/div><div class=\"fusion-clearfix\"><\/div><div class=\"content-container\"><div class=\"fusion-builder-row fusion-builder-row-inner fusion-row\"><div class=\"fusion-layout-column fusion_builder_column_inner fusion-builder-nested-column-0 fusion_builder_column_inner_1_2 1_2 fusion-one-half fusion-column-first\" style=\"--awb-bg-size:cover;width:50%;width:calc(50% - ( ( 4% ) * 0.5 ) );margin-right: 4%;\"><div class=\"fusion-column-wrapper fusion-flex-column-wrapper-legacy\"><div class=\"fusion-text fusion-text-1\"><p style=\"text-align: center; font-size: 22px;\"><em>Excellence in Service<\/em><\/p>\n<p style=\"text-align: center; font-size: 18px;\">Unique treatment of client&#8217;s needs and expectations in a prompt, efficient, reliable, with clear language and with continuity.<\/p>\n<p style=\"text-align: center; font-size: 22px;\"><em>Sustainability Organization<\/em><\/p>\n<p style=\"text-align: center; font-size: 18px;\">Ethics and respect for tradition, social , environmental and financial liability.<\/p>\n<\/div><div class=\"fusion-clearfix\"><\/div><\/div><\/div><div class=\"fusion-layout-column fusion_builder_column_inner fusion-builder-nested-column-1 fusion_builder_column_inner_1_2 1_2 fusion-one-half fusion-column-last\" style=\"--awb-bg-size:cover;width:50%;width:calc(50% - ( ( 4% ) * 0.5 ) );\"><div class=\"fusion-column-wrapper fusion-flex-column-wrapper-legacy\"><div class=\"fusion-text fusion-text-2\"><p style=\"text-align: center; font-size: 22px;\"><em>Continuous Improvement<\/em><\/p>\n<p style=\"text-align: center; font-size: 18px;\">Continuous office improvement, with trained professionals, specialized, updated and with permanent updating of technology and work process.<\/p>\n<p style=\"text-align: center; font-size: 22px;\"><em>Harmony in Relations<\/em><\/p>\n<p style=\"text-align: center; font-size: 18px;\">Close interaction of our internal team (partners, associates and employees) with clients and suppliers.<\/p>\n<\/div><div class=\"fusion-clearfix\"><\/div><\/div><\/div><\/div><\/div><\/div><\/div><div class=\"fusion-clearfix\"><\/div><\/div><div class=\"fusion-sep-clear\"><\/div><div class=\"fusion-separator\" style=\"margin-left: auto;margin-right: auto;margin-bottom:60px;width:100%;max-width:500px;\"><div class=\"fusion-separator-border sep-shadow\" style=\"--awb-height:20px;--awb-amount:20px;background:radial-gradient(ellipse at 50% -50% , #e0dede 0px, rgba(255, 255, 255, 0) 80%) repeat scroll 0 0 rgba(0, 0, 0, 0);background:-webkit-radial-gradient(ellipse at 50% -50% , #e0dede 0px, rgba(255, 255, 255, 0) 80%) repeat scroll 0 0 rgba(0, 0, 0, 0);background:-moz-radial-gradient(ellipse at 50% -50% , #e0dede 0px, rgba(255, 255, 255, 0) 80%) repeat scroll 0 0 rgba(0, 0, 0, 0);background:-o-radial-gradient(ellipse at 50% -50% , #e0dede 0px, rgba(255, 255, 255, 0) 80%) repeat scroll 0 0 rgba(0, 0, 0, 0);\"><\/div><\/div><div class=\"fusion-sep-clear\"><\/div><div class=\"fusion-title title fusion-title-1 fusion-sep-none fusion-title-center fusion-title-text fusion-title-size-two\" style=\"--awb-margin-top-small:10px;--awb-margin-right-small:0px;--awb-margin-bottom-small:10px;--awb-margin-left-small:0px;\"><h2 class=\"fusion-title-heading title-heading-center\" style=\"margin:0;\"><h2 style=\"text-align: center;\"><strong>LATEST POSTS<\/strong><\/h2><\/h2><\/div><div class=\"fusion-sep-clear\"><\/div><div class=\"fusion-separator\" style=\"margin-left: auto;margin-right: auto;margin-top:30px;margin-bottom:30px;width:100%;max-width:500px;\"><\/div><div class=\"fusion-sep-clear\"><\/div><div class=\"fusion-recent-posts fusion-recent-posts-1 avada-container layout-date-on-side layout-columns-3\"><section class=\"fusion-columns columns fusion-columns-3 columns-3\"><article class=\"post fusion-column column col col-lg-4 col-md-4 col-sm-4\"><div class=\"fusion-date-and-formats\"><div class=\"fusion-date-box updated\"><span class=\"fusion-date\">4<\/span><span class=\"fusion-month-year\">07, 2019<\/span><\/div><div class=\"fusion-format-box\"><i class=\"awb-icon-pen\" aria-hidden=\"true\"><\/i><\/div><\/div><div class=\"recent-posts-content\"><span class=\"vcard\" style=\"display: none;\"><span class=\"fn\"><a href=\"https:\/\/www.vivacquaadvogados.com\/en\/author\/felipe\/\" title=\"Posts by felipe\" rel=\"author\">felipe<\/a><\/span><\/span><span class=\"updated\" style=\"display:none;\">2019-08-01T09:34:20-03:00<\/span><h4 class=\"entry-title\"><a href=\"https:\/\/www.vivacquaadvogados.com\/en\/brazilian-internal-revenue-service-publishes-regulatory-instruction-discussing-the-obligation-to-provide-information-relating-to-cryptoactive-operations\/\">Brazilian Internal Revenue Service Publishes Regulatory Instruction Discussing The Obligation To Provide Information Relating To Cryptoactive Operations<\/a><\/h4><\/div><\/article><article class=\"post fusion-column column col col-lg-4 col-md-4 col-sm-4\"><div class=\"fusion-date-and-formats\"><div class=\"fusion-date-box updated\"><span class=\"fusion-date\">3<\/span><span class=\"fusion-month-year\">06, 2019<\/span><\/div><div class=\"fusion-format-box\"><i class=\"awb-icon-pen\" aria-hidden=\"true\"><\/i><\/div><\/div><div class=\"recent-posts-content\"><span class=\"vcard\" style=\"display: none;\"><span class=\"fn\"><a href=\"https:\/\/www.vivacquaadvogados.com\/en\/author\/felipe\/\" title=\"Posts by felipe\" rel=\"author\">felipe<\/a><\/span><\/span><span class=\"updated\" style=\"display:none;\">2019-08-01T09:31:17-03:00<\/span><h4 class=\"entry-title\"><a href=\"https:\/\/www.vivacquaadvogados.com\/en\/national-department-of-business-registration-and-integration-of-the-ministry-of-economy-departamento-nacional-de-registro-empresarial-e-integracao-do-ministerio-da-economia\/\">NATIONAL DEPARTMENT OF BUSINESS REGISTRATION AND INTEGRATION OF THE MINISTRY OF ECONOMY (\u201cDEPARTAMENTO NACIONAL DE REGISTRO EMPRESARIAL E INTEGRA\u00c7\u00c3O DO MINIST\u00c9RIO DA ECONOMIA\u201d \u2013 \u201cDREI\u201d)- NORMATIVE INSTRUCTION No. 59 SIMPLIFIES THE PROCEDURE FOR OPENING, ALTERATION AND CLOSURE OF BRANCHES OF FOREIGN COMPANIES IN BRAZIL<\/a><\/h4><\/div><\/article><article class=\"post fusion-column column col col-lg-4 col-md-4 col-sm-4\"><div class=\"fusion-date-and-formats\"><div class=\"fusion-date-box updated\"><span class=\"fusion-date\">20<\/span><span class=\"fusion-month-year\">05, 2019<\/span><\/div><div class=\"fusion-format-box\"><i class=\"awb-icon-pen\" aria-hidden=\"true\"><\/i><\/div><\/div><div class=\"recent-posts-content\"><span class=\"vcard\" style=\"display: none;\"><span class=\"fn\"><a href=\"https:\/\/www.vivacquaadvogados.com\/en\/author\/felipe\/\" title=\"Posts by felipe\" rel=\"author\">felipe<\/a><\/span><\/span><span class=\"updated\" style=\"display:none;\">2019-08-01T09:29:11-03:00<\/span><h4 class=\"entry-title\"><a href=\"https:\/\/www.vivacquaadvogados.com\/en\/anbima-regulations-amendments-create-obligations-applicable-to-restricted-debentures-offers\/\">\u201cANBIMA\u201d REGULATIONS &#8211; AMENDMENTS CREATE OBLIGATIONS APPLICABLE TO \u201cRESTRICTED DEBENTURES OFFERS\u201d<\/a><\/h4><\/div><\/article><article class=\"post fusion-column column col col-lg-4 col-md-4 col-sm-4\"><div class=\"fusion-date-and-formats\"><div class=\"fusion-date-box updated\"><span class=\"fusion-date\">7<\/span><span class=\"fusion-month-year\">05, 2019<\/span><\/div><div class=\"fusion-format-box\"><i class=\"awb-icon-pen\" aria-hidden=\"true\"><\/i><\/div><\/div><div class=\"recent-posts-content\"><span class=\"vcard\" style=\"display: none;\"><span class=\"fn\"><a href=\"https:\/\/www.vivacquaadvogados.com\/en\/author\/felipe\/\" title=\"Posts by felipe\" rel=\"author\">felipe<\/a><\/span><\/span><span class=\"updated\" style=\"display:none;\">2019-08-01T09:25:52-03:00<\/span><h4 class=\"entry-title\"><a href=\"https:\/\/www.vivacquaadvogados.com\/en\/brazilian-securities-and-exchange-commission-comissao-de-valores-mobiliarios-cvm-issues-instruction-that-implements-specific-rules-in-respect-of-incenti\/\">BRAZILIAN SECURITIES AND EXCHANGE COMMISSION (\u201cCOMISS\u00c3O DE VALORES MOBILI\u00c1RIOS\u201d \u2013 \u201cCVM\u201d) ISSUES INSTRUCTION THAT IMPLEMENTS SPECIFIC RULES IN RESPECT OF INCENTIVES OF INVESTMENT FUNDS IN INFRASTRUCTURE<\/a><\/h4><\/div><\/article><article class=\"post fusion-column column col col-lg-4 col-md-4 col-sm-4\"><div class=\"fusion-date-and-formats\"><div class=\"fusion-date-box updated\"><span class=\"fusion-date\">23<\/span><span class=\"fusion-month-year\">04, 2019<\/span><\/div><div class=\"fusion-format-box\"><i class=\"awb-icon-pen\" aria-hidden=\"true\"><\/i><\/div><\/div><div class=\"recent-posts-content\"><span class=\"vcard\" style=\"display: none;\"><span class=\"fn\"><a href=\"https:\/\/www.vivacquaadvogados.com\/en\/author\/felipe\/\" title=\"Posts by felipe\" rel=\"author\">felipe<\/a><\/span><\/span><span class=\"updated\" style=\"display:none;\">2019-08-01T09:22:35-03:00<\/span><h4 class=\"entry-title\"><a href=\"https:\/\/www.vivacquaadvogados.com\/en\/brazilian-bar-association-rio-de-janeiro-section-oab-rj-improvement-course-corporate-law\/\">BRAZILIAN BAR ASSOCIATION RIO DE JANEIRO SECTION \u201cOAB\/RJ\u201d &#8211; IMPROVEMENT COURSE &#8211; CORPORATE LAW<\/a><\/h4><\/div><\/article><article class=\"post fusion-column column col col-lg-4 col-md-4 col-sm-4\"><div class=\"fusion-date-and-formats\"><div class=\"fusion-date-box updated\"><span class=\"fusion-date\">15<\/span><span class=\"fusion-month-year\">04, 2019<\/span><\/div><div class=\"fusion-format-box\"><i class=\"awb-icon-pen\" aria-hidden=\"true\"><\/i><\/div><\/div><div class=\"recent-posts-content\"><span class=\"vcard\" style=\"display: none;\"><span class=\"fn\"><a href=\"https:\/\/www.vivacquaadvogados.com\/en\/author\/felipe\/\" title=\"Posts by felipe\" rel=\"author\">felipe<\/a><\/span><\/span><span class=\"updated\" style=\"display:none;\">2019-08-01T09:19:46-03:00<\/span><h4 class=\"entry-title\"><a href=\"https:\/\/www.vivacquaadvogados.com\/en\/securities-and-exchange-commission-comissao-de-valores-mobiliarios-cvm-resolution-n-809-approves-procedure-regarding-the-registration-of-public-offerings-and-of\/\">SECURITIES AND EXCHANGE COMMISSION (\u201cCOMISS\u00c3O DE VALORES MOBIL\u00cd\u00c1RIOS \u2013 CVM\u201d) &#8211; RESOLUTION N \u00b0 809 APPROVES PROCEDURE REGARDING THE REGISTRATION OF PUBLIC OFFERINGS AND OF SECURITIES ISSUERS<\/a><\/h4><\/div><\/article><\/section><\/div><div class=\"fusion-clearfix\"><\/div><\/div><\/div><\/div><\/div><\/p>\n","protected":false},"excerpt":{"rendered":"","protected":false},"author":1,"featured_media":0,"parent":0,"menu_order":0,"comment_status":"closed","ping_status":"closed","template":"","meta":{"footnotes":""},"class_list":["post-2662","page","type-page","status-publish","hentry"],"_links":{"self":[{"href":"https:\/\/www.vivacquaadvogados.com\/en\/wp-json\/wp\/v2\/pages\/2662\/"}],"collection":[{"href":"https:\/\/www.vivacquaadvogados.com\/en\/wp-json\/wp\/v2\/pages\/"}],"about":[{"href":"https:\/\/www.vivacquaadvogados.com\/en\/wp-json\/wp\/v2\/types\/page\/"}],"author":[{"embeddable":true,"href":"https:\/\/www.vivacquaadvogados.com\/en\/wp-json\/wp\/v2\/users\/1\/"}],"replies":[{"embeddable":true,"href":"https:\/\/www.vivacquaadvogados.com\/en\/wp-json\/wp\/v2\/comments\/?post=2662"}],"version-history":[{"count":19,"href":"https:\/\/www.vivacquaadvogados.com\/en\/wp-json\/wp\/v2\/pages\/2662\/revisions\/"}],"predecessor-version":[{"id":4462,"href":"https:\/\/www.vivacquaadvogados.com\/en\/wp-json\/wp\/v2\/pages\/2662\/revisions\/4462\/"}],"wp:attachment":[{"href":"https:\/\/www.vivacquaadvogados.com\/en\/wp-json\/wp\/v2\/media\/?parent=2662"}],"curies":[{"name":"wp","href":"https:\/\/api.w.org\/{rel}","templated":true}]}}