{"id":136110,"date":"2023-09-12T08:48:35","date_gmt":"2023-09-12T11:48:35","guid":{"rendered":"http:\/\/www.vivacquaadvogados.com\/portal-ig\/"},"modified":"2024-03-05T14:26:24","modified_gmt":"2024-03-05T17:26:24","slug":"portal-ig","status":"publish","type":"page","link":"https:\/\/www.vivacquaadvogados.com\/es\/portal-ig\/","title":{"rendered":"Portal IG"},"content":{"rendered":"<div class=\"fusion-fullwidth fullwidth-box fusion-builder-row-1 fusion-flex-container has-pattern-background has-mask-background nonhundred-percent-fullwidth non-hundred-percent-height-scrolling gradient-container-1\" style=\"--awb-border-radius-top-left:0px;--awb-border-radius-top-right:0px;--awb-border-radius-bottom-right:0px;--awb-border-radius-bottom-left:0px;--awb-flex-wrap:wrap;\" ><div class=\"fusion-builder-row fusion-row fusion-flex-align-items-flex-start fusion-flex-content-wrap\" style=\"max-width:1144px;margin-left: calc(-4% \/ 2 );margin-right: calc(-4% \/ 2 );\"><div class=\"fusion-layout-column fusion_builder_column fusion-builder-column-0 fusion_builder_column_1_1 1_1 fusion-flex-column\" style=\"--awb-bg-size:cover;--awb-width-large:100%;--awb-margin-top-large:0px;--awb-spacing-right-large:1.92%;--awb-margin-bottom-large:20px;--awb-spacing-left-large:1.92%;--awb-width-medium:100%;--awb-order-medium:0;--awb-spacing-right-medium:1.92%;--awb-spacing-left-medium:1.92%;--awb-width-small:100%;--awb-order-small:0;--awb-spacing-right-small:1.92%;--awb-spacing-left-small:1.92%;\"><div class=\"fusion-column-wrapper fusion-column-has-shadow fusion-flex-justify-content-flex-start fusion-content-layout-column\"><div class=\"fusion-image-element \" style=\"text-align:center;--awb-max-width:300px;--awb-caption-title-font-family:var(--h2_typography-font-family);--awb-caption-title-font-weight:var(--h2_typography-font-weight);--awb-caption-title-font-style:var(--h2_typography-font-style);--awb-caption-title-size:var(--h2_typography-font-size);--awb-caption-title-transform:var(--h2_typography-text-transform);--awb-caption-title-line-height:var(--h2_typography-line-height);--awb-caption-title-letter-spacing:var(--h2_typography-letter-spacing);\"><span class=\" fusion-imageframe imageframe-none imageframe-1 hover-type-none\"><img decoding=\"async\" width=\"600\" height=\"300\" title=\"ig_600px\" src=\"https:\/\/www.vivacquaadvogados.com\/wp-content\/uploads\/2023\/09\/ig_600px.jpg\" alt class=\"img-responsive wp-image-136028\" srcset=\"https:\/\/www.vivacquaadvogados.com\/wp-content\/uploads\/2023\/09\/ig_600px-200x100.jpg 200w, https:\/\/www.vivacquaadvogados.com\/wp-content\/uploads\/2023\/09\/ig_600px-400x200.jpg 400w, https:\/\/www.vivacquaadvogados.com\/wp-content\/uploads\/2023\/09\/ig_600px.jpg 600w\" sizes=\"(max-width: 1024px) 100vw, (max-width: 640px) 100vw, 600px\" \/><\/span><\/div><div class=\"elegant-empty-space space-vertical fusion-clearfix \" style=\"height:30px;\"><\/div><div class=\"fusion-text fusion-text-1\"><p style=\"font-size: 20px; text-align: center; text-decoration: underline;\"><a href=\"https:\/\/dino.ig.com.br\/2024-02-26\/vivacqua-advogados-anuncia-novo-socio-da-area-internacional.html\" target=\"_blank\" rel=\"noopener\">Vivacqua Advogados anuncia novo s\u00f3cio da \u00e1rea internacional<\/a><\/p>\n<p style=\"font-size: 20px; text-align: center; text-decoration: underline;\"><a href=\"https:\/\/dino.ig.com.br\/2024-02-26\/vivacqua-advogados-anuncia-nova-socia-na-area-trabalhista.html\" target=\"_blank\" rel=\"noopener\">Vivacqua Advogados anuncia nova s\u00f3cia na \u00e1rea trabalhista<\/a><\/p>\n<p style=\"font-size: 20px; text-align: center; text-decoration: underline;\"><a href=\"https:\/\/dino.ig.com.br\/2024-01-02\/regulamentacao-da-pec-tributaria-pode-sanar-temas-essenciais.html\" target=\"_blank\" rel=\"noopener\">Regulamenta\u00e7\u00e3o da PEC tribut\u00e1ria pode sanar temas essenciais<\/a><\/p>\n<p style=\"font-size: 20px; text-align: center; text-decoration: underline;\"><a href=\"https:\/\/dino.ig.com.br\/2023-12-08\/stj-decide-que-servidores-tem-direito-a-revisao-do-pasep.html\" target=\"_blank\" rel=\"noopener\">STJ decide que servidores t\u00eam direito a revis\u00e3o do PASEP<\/a><\/p>\n<p style=\"font-size: 20px; text-align: center; text-decoration: underline;\"><a href=\"https:\/\/dino.ig.com.br\/2023-10-27\/servidores-tem-direito-a-creditos-do-pasep-segundo-stj.html\" target=\"_blank\" rel=\"noopener\">Servidores t\u00eam direito a cr\u00e9ditos do PASEP segundo STJ<\/a><\/p>\n<p style=\"font-size: 20px; text-align: center; text-decoration: underline;\"><a href=\"https:\/\/dino.ig.com.br\/2023-10-18\/stf-deve-julgar-em-breve-grandes-disputas-tributarias.html\" target=\"_blank\" rel=\"noopener\">STF deve julgar em breve grandes disputas tribut\u00e1rias<\/a><\/p>\n<p style=\"font-size: 20px; text-align: center; text-decoration: underline;\"><a href=\"https:\/\/dino.ig.com.br\/2023-09-14\/setor-de-cartao-de-credito-vive-incertezas-com-o-pl-2685-22.html\" target=\"_blank\" rel=\"noopener\">Setor de cart\u00e3o de cr\u00e9dito vive incertezas com o PL 2685\/22<\/a><\/p>\n<p style=\"font-size: 20px; text-align: center; text-decoration: underline;\"><a href=\"https:\/\/dino.ig.com.br\/2023-08-24\/lei-adequa-a-legislacao-a-evolucao-tecnologica.html\" target=\"_blank\" rel=\"noopener\">Lei ad\u00e9qua a legisla\u00e7\u00e3o \u00e0 evolu\u00e7\u00e3o tecnol\u00f3gica<\/a><\/p>\n<p style=\"font-size: 20px; text-align: center; text-decoration: underline;\"><a href=\"https:\/\/dino.ig.com.br\/2023-08-25\/tribunal-de-justica-quer-expandir-o-feirao-limpa-nome-no-rj.html target=\" rel=\"noopener\">Tribunal de Justi\u00e7a quer expandir o Feir\u00e3o Limpa Nome no RJ<\/a><\/p>\n<p style=\"font-size: 20px; text-align: center; text-decoration: underline;\"><a href=\"https:\/\/dino.ig.com.br\/2023-08-05\/stj-determina-a-revisao-de-contrato-bancario.html\" target=\"_blank\" rel=\"noopener\">STJ determina a revis\u00e3o de contrato banc\u00e1rio<br \/>\n<\/a><\/p>\n<p style=\"font-size: 20px; text-align: center; text-decoration: underline;\"><a href=\"https:\/\/dino.ig.com.br\/2023-04-17\/plataforma-digital-oferece-ferramentas-para-gestao-juridica.html\" target=\"_blank\" rel=\"noopener\">Plataforma digital oferece ferramentas para gest\u00e3o jur\u00eddica<\/a><\/p>\n<p style=\"font-size: 20px; text-align: center; text-decoration: underline;\"><a href=\"https:\/\/dino.ig.com.br\/2023-05-19\/estados-e-municipios-arrecadam-imposto-de-renda-retido-irrf.html\" target=\"_blank\" rel=\"noopener\">Estados e munic\u00edpios arrecadam Imposto de Renda Retido IRRF<\/a><\/p>\n<p style=\"font-size: 20px; text-align: center; text-decoration: underline;\"><a href=\"https:\/\/dino.ig.com.br\/2023-06-21\/decisao-do-stf-deve-impactar-na-tarifa-de-energia.html\" target=\"_blank\" rel=\"noopener\">Decis\u00e3o do STF deve impactar na tarifa de energia<\/a><\/p>\n<p style=\"font-size: 20px; text-align: center; text-decoration: underline;\"><a href=\"https:\/\/dino.ig.com.br\/2023-07-03\/stf-define-limite-do-dano-moral-na-justica-do-trabalho.html\" target=\"_blank\" rel=\"noopener\">STF define limite do dano moral na justi\u00e7a do trabalho<\/a><\/p>\n<p style=\"font-size: 20px; text-align: center; text-decoration: underline;\"><a href=\"https:\/\/dino.ig.com.br\/2023-07-17\/reforma-tributaria-repercute-intensamente-com-o-atual-texto.html\" target=\"_blank\" rel=\"noopener\">Reforma tribut\u00e1ria repercute intensamente com o atual texto<br \/>\n<\/a><\/p>\n<\/div><div class=\"elegant-empty-space space-vertical fusion-clearfix \" style=\"height:60px;\"><\/div><\/div><\/div><\/div><\/div>\n","protected":false},"excerpt":{"rendered":"","protected":false},"author":1,"featured_media":0,"parent":0,"menu_order":0,"comment_status":"closed","ping_status":"closed","template":"","meta":{"footnotes":""},"class_list":["post-136110","page","type-page","status-publish","hentry"],"_links":{"self":[{"href":"https:\/\/www.vivacquaadvogados.com\/es\/wp-json\/wp\/v2\/pages\/136110\/"}],"collection":[{"href":"https:\/\/www.vivacquaadvogados.com\/es\/wp-json\/wp\/v2\/pages\/"}],"about":[{"href":"https:\/\/www.vivacquaadvogados.com\/es\/wp-json\/wp\/v2\/types\/page\/"}],"author":[{"embeddable":true,"href":"https:\/\/www.vivacquaadvogados.com\/es\/wp-json\/wp\/v2\/users\/1\/"}],"replies":[{"embeddable":true,"href":"https:\/\/www.vivacquaadvogados.com\/es\/wp-json\/wp\/v2\/comments\/?post=136110"}],"version-history":[{"count":9,"href":"https:\/\/www.vivacquaadvogados.com\/es\/wp-json\/wp\/v2\/pages\/136110\/revisions\/"}],"predecessor-version":[{"id":136584,"href":"https:\/\/www.vivacquaadvogados.com\/es\/wp-json\/wp\/v2\/pages\/136110\/revisions\/136584\/"}],"wp:attachment":[{"href":"https:\/\/www.vivacquaadvogados.com\/es\/wp-json\/wp\/v2\/media\/?parent=136110"}],"curies":[{"name":"wp","href":"https:\/\/api.w.org\/{rel}","templated":true}]}}