{"id":2487,"date":"2018-04-19T14:20:10","date_gmt":"2018-04-19T17:20:10","guid":{"rendered":"http:\/\/www.vivacquaadvogados.com\/publicaciones\/"},"modified":"2019-09-04T14:34:45","modified_gmt":"2019-09-04T17:34:45","slug":"publicaciones","status":"publish","type":"page","link":"https:\/\/www.vivacquaadvogados.com\/es\/publicaciones\/","title":{"rendered":"Publicaciones"},"content":{"rendered":"<p><div class=\"fusion-fullwidth fullwidth-box fusion-builder-row-1 nonhundred-percent-fullwidth non-hundred-percent-height-scrolling gradient-container-1\" style=\"--awb-background-position:left top;--awb-border-radius-top-left:0px;--awb-border-radius-top-right:0px;--awb-border-radius-bottom-right:0px;--awb-border-radius-bottom-left:0px;--awb-padding-top:100px;--awb-padding-bottom:80px;--awb-border-sizes-top:0px;--awb-border-sizes-bottom:0px;--awb-flex-wrap:wrap;\" ><div class=\"fusion-builder-row fusion-row\"><div class=\"fusion-layout-column fusion_builder_column fusion-builder-column-0 fusion_builder_column_1_1 1_1 fusion-one-full fusion-column-first fusion-column-last fusion-column-no-min-height\" style=\"--awb-bg-size:cover;--awb-margin-bottom:0px;\"><div class=\"fusion-column-wrapper fusion-flex-column-wrapper-legacy\"><div class=\"fusion-sep-clear\"><\/div><div class=\"fusion-separator fusion-full-width-sep\" style=\"margin-left: auto;margin-right: auto;width:100%;\"><div class=\"fusion-separator-border sep-single sep-solid\" style=\"--awb-height:20px;--awb-amount:20px;--awb-sep-color:#55a098;border-color:#55a098;border-top-width:5px;\"><\/div><\/div><div class=\"fusion-sep-clear\"><\/div><div class=\"fusion-clearfix\"><\/div><\/div><\/div><div class=\"fusion-layout-column fusion_builder_column fusion-builder-column-1 fusion_builder_column_1_1 1_1 fusion-one-full fusion-column-first fusion-column-last green-border rounded-border\" style=\"--awb-padding-top:60px;--awb-padding-right:60px;--awb-padding-bottom:60px;--awb-padding-left:60px;--awb-bg-color:#ffffff;--awb-bg-color-hover:#ffffff;--awb-bg-size:cover;--awb-border-color:#e2e2e2;--awb-border-top:1px;--awb-border-right:1px;--awb-border-bottom:1px;--awb-border-left:1px;--awb-border-style:solid;--awb-margin-bottom:45px;\"><div class=\"fusion-column-wrapper fusion-flex-column-wrapper-legacy\"><div class=\"fusion-column-content-centered\"><div class=\"fusion-column-content\"><div class=\"fusion-blog-shortcode fusion-blog-shortcode-1 fusion-blog-archive fusion-blog-layout-medium fusion-blog-pagination fusion-blog-no-images\"><div class=\"fusion-posts-container fusion-posts-container-pagination\" data-pages=\"42\"><article id=\"blog-1-post-137805\" class=\"fusion-post-medium post-137805 post type-post status-publish format-standard hentry category-publicaciones_es\">\n<div class=\"fusion-post-content post-content\"><h2 class=\"blog-shortcode-post-title entry-title\"><a href=\"https:\/\/www.vivacquaadvogados.com\/es\/cmn-resolucao-no-5-298-26-mercado-de-derivativos-resolucao-cmn-no-5-298-2026-regula-o-mercado-de-derivativos-e-veda-ativos-sem-referencial-economico-financeiro\/\">CMN &#8211; RESOLU\u00c7\u00c3O N\u00ba 5.298\/26 &#8211; MERCADO DE DERIVATIVOS &#8211; RESOLU\u00c7\u00c3O CMN N\u00ba 5.298\/2026 REGULA O MERCADO DE DERIVATIVOS E VEDA ATIVOS SEM REFERENCIAL ECON\u00d4MICO-FINANCEIRO<\/a><\/h2><\/div><div class=\"fusion-clearfix\"><\/div><div class=\"fusion-meta-info\"><span class=\"vcard\" style=\"display: none;\"><span class=\"fn\"><a href=\"https:\/\/www.vivacquaadvogados.com\/es\/author\/felipe\/\" title=\"Entradas de felipe\" rel=\"author\">felipe<\/a><\/span><\/span><span class=\"updated\" style=\"display:none;\">2026-05-07T09:25:56-03:00<\/span><div class=\"fusion-alignright\"><a class=\"fusion-read-more\" href=\"https:\/\/www.vivacquaadvogados.com\/es\/cmn-resolucao-no-5-298-26-mercado-de-derivativos-resolucao-cmn-no-5-298-2026-regula-o-mercado-de-derivativos-e-veda-ativos-sem-referencial-economico-financeiro\/\" aria-label=\"More on CMN &#8211; RESOLU\u00c7\u00c3O N\u00ba 5.298\/26 &#8211; MERCADO DE DERIVATIVOS &#8211; RESOLU\u00c7\u00c3O CMN N\u00ba 5.298\/2026 REGULA O MERCADO DE DERIVATIVOS E VEDA ATIVOS SEM REFERENCIAL ECON\u00d4MICO-FINANCEIRO\">Leer m\u00e1s<\/a><\/div><\/div><\/article>\n<article id=\"blog-1-post-137801\" class=\"fusion-post-medium post-137801 post type-post status-publish format-standard hentry category-publicaciones_es\">\n<div class=\"fusion-post-content post-content\"><h2 class=\"blog-shortcode-post-title entry-title\"><a href=\"https:\/\/www.vivacquaadvogados.com\/es\/receita-federal-solucao-de-consulta-cosit-no-48-26-incentivos-fiscais-ao-esporte-ampliacao\/\">RECEITA FEDERAL\u2013 SOLU\u00c7\u00c3O DE CONSULTA COSIT N\u00ba 48\/26\u2013 INCENTIVOS FISCAIS AO ESPORTE \u2013 AMPLIA\u00c7\u00c3O<\/a><\/h2><\/div><div class=\"fusion-clearfix\"><\/div><div class=\"fusion-meta-info\"><span class=\"vcard\" style=\"display: none;\"><span class=\"fn\"><a href=\"https:\/\/www.vivacquaadvogados.com\/es\/author\/felipe\/\" title=\"Entradas de felipe\" rel=\"author\">felipe<\/a><\/span><\/span><span class=\"updated\" style=\"display:none;\">2026-05-07T09:24:45-03:00<\/span><div class=\"fusion-alignright\"><a class=\"fusion-read-more\" href=\"https:\/\/www.vivacquaadvogados.com\/es\/receita-federal-solucao-de-consulta-cosit-no-48-26-incentivos-fiscais-ao-esporte-ampliacao\/\" aria-label=\"More on RECEITA FEDERAL\u2013 SOLU\u00c7\u00c3O DE CONSULTA COSIT N\u00ba 48\/26\u2013 INCENTIVOS FISCAIS AO ESPORTE \u2013 AMPLIA\u00c7\u00c3O\">Leer m\u00e1s<\/a><\/div><\/div><\/article>\n<article id=\"blog-1-post-137797\" class=\"fusion-post-medium post-137797 post type-post status-publish format-standard hentry category-publicaciones_es\">\n<div class=\"fusion-post-content post-content\"><h2 class=\"blog-shortcode-post-title entry-title\"><a href=\"https:\/\/www.vivacquaadvogados.com\/es\/carf-contribuicao-previdenciaria-abono-por-adesao-a-plano-de-cargos-e-remuneracao-nao-incidencia\/\">CARF \u2013 CONTRIBUI\u00c7\u00c3O PREVIDENCI\u00c1RIA \u2013 ABONO POR ADES\u00c3O A PLANO DE CARGOS E REMUNERA\u00c7\u00c3O \u2013 N\u00c3O INCID\u00caNCIA<\/a><\/h2><\/div><div class=\"fusion-clearfix\"><\/div><div class=\"fusion-meta-info\"><span class=\"vcard\" style=\"display: none;\"><span class=\"fn\"><a href=\"https:\/\/www.vivacquaadvogados.com\/es\/author\/felipe\/\" title=\"Entradas de felipe\" rel=\"author\">felipe<\/a><\/span><\/span><span class=\"updated\" style=\"display:none;\">2026-05-07T09:22:09-03:00<\/span><div class=\"fusion-alignright\"><a class=\"fusion-read-more\" href=\"https:\/\/www.vivacquaadvogados.com\/es\/carf-contribuicao-previdenciaria-abono-por-adesao-a-plano-de-cargos-e-remuneracao-nao-incidencia\/\" aria-label=\"More on CARF \u2013 CONTRIBUI\u00c7\u00c3O PREVIDENCI\u00c1RIA \u2013 ABONO POR ADES\u00c3O A PLANO DE CARGOS E REMUNERA\u00c7\u00c3O \u2013 N\u00c3O INCID\u00caNCIA\">Leer m\u00e1s<\/a><\/div><\/div><\/article>\n<article id=\"blog-1-post-137807\" class=\"fusion-post-medium post-137807 post type-post status-publish format-standard hentry category-publicaciones_es\">\n<div class=\"fusion-post-content post-content\"><h2 class=\"blog-shortcode-post-title entry-title\"><a href=\"https:\/\/www.vivacquaadvogados.com\/es\/tjrj-judicializacao-predatoria-notas-tecnicas\/\">TJRJ \u2013 JUDICIALIZA\u00c7\u00c3O PREDAT\u00d3RIA\u2013 NOTAS T\u00c9CNICAS<\/a><\/h2><\/div><div class=\"fusion-clearfix\"><\/div><div class=\"fusion-meta-info\"><span class=\"vcard\" style=\"display: none;\"><span class=\"fn\"><a href=\"https:\/\/www.vivacquaadvogados.com\/es\/author\/felipe\/\" title=\"Entradas de felipe\" rel=\"author\">felipe<\/a><\/span><\/span><span class=\"updated\" style=\"display:none;\">2026-05-07T09:26:16-03:00<\/span><div class=\"fusion-alignright\"><a class=\"fusion-read-more\" href=\"https:\/\/www.vivacquaadvogados.com\/es\/tjrj-judicializacao-predatoria-notas-tecnicas\/\" aria-label=\"More on TJRJ \u2013 JUDICIALIZA\u00c7\u00c3O PREDAT\u00d3RIA\u2013 NOTAS T\u00c9CNICAS\">Leer m\u00e1s<\/a><\/div><\/div><\/article>\n<article id=\"blog-1-post-137790\" class=\"fusion-post-medium post-137790 post type-post status-publish format-standard hentry category-publicaciones_es\">\n<div class=\"fusion-post-content post-content\"><h2 class=\"blog-shortcode-post-title entry-title\"><a href=\"https:\/\/www.vivacquaadvogados.com\/es\/carf-suporte-tecnico-deducao-base-de-calculo-irpj-e-csll-possibilidade\/\">CARF \u2013 SUPORTE T\u00c9CNICO \u2013 DEDU\u00c7\u00c3O BASE DE C\u00c1LCULO IRPJ E CSLL \u2013 POSSIBILIDADE<\/a><\/h2><\/div><div class=\"fusion-clearfix\"><\/div><div class=\"fusion-meta-info\"><span class=\"vcard\" style=\"display: none;\"><span class=\"fn\"><a href=\"https:\/\/www.vivacquaadvogados.com\/es\/author\/felipe\/\" title=\"Entradas de felipe\" rel=\"author\">felipe<\/a><\/span><\/span><span class=\"updated\" style=\"display:none;\">2026-04-22T10:08:30-03:00<\/span><div class=\"fusion-alignright\"><a class=\"fusion-read-more\" href=\"https:\/\/www.vivacquaadvogados.com\/es\/carf-suporte-tecnico-deducao-base-de-calculo-irpj-e-csll-possibilidade\/\" aria-label=\"More on CARF \u2013 SUPORTE T\u00c9CNICO \u2013 DEDU\u00c7\u00c3O BASE DE C\u00c1LCULO IRPJ E CSLL \u2013 POSSIBILIDADE\">Leer m\u00e1s<\/a><\/div><\/div><\/article>\n<article id=\"blog-1-post-137786\" class=\"fusion-post-medium post-137786 post type-post status-publish format-standard hentry category-publicaciones_es\">\n<div class=\"fusion-post-content post-content\"><h2 class=\"blog-shortcode-post-title entry-title\"><a href=\"https:\/\/www.vivacquaadvogados.com\/es\/carf-plataforma-de-pagamento-responsabilizacao-debitos-oriundos-de-fraude\/\">CARF \u2013 PLATAFORMA DE PAGAMENTO \u2013 RESPONSABILIZA\u00c7\u00c3O \u2013 D\u00c9BITOS ORIUNDOS DE FRAUDE<\/a><\/h2><\/div><div class=\"fusion-clearfix\"><\/div><div class=\"fusion-meta-info\"><span class=\"vcard\" style=\"display: none;\"><span class=\"fn\"><a href=\"https:\/\/www.vivacquaadvogados.com\/es\/author\/felipe\/\" title=\"Entradas de felipe\" rel=\"author\">felipe<\/a><\/span><\/span><span class=\"updated\" style=\"display:none;\">2026-04-22T10:07:17-03:00<\/span><div class=\"fusion-alignright\"><a class=\"fusion-read-more\" href=\"https:\/\/www.vivacquaadvogados.com\/es\/carf-plataforma-de-pagamento-responsabilizacao-debitos-oriundos-de-fraude\/\" aria-label=\"More on CARF \u2013 PLATAFORMA DE PAGAMENTO \u2013 RESPONSABILIZA\u00c7\u00c3O \u2013 D\u00c9BITOS ORIUNDOS DE FRAUDE\">Leer m\u00e1s<\/a><\/div><\/div><\/article>\n<article id=\"blog-1-post-137735\" class=\"fusion-post-medium post-137735 post type-post status-publish format-standard hentry category-publicaciones_es\">\n<div class=\"fusion-post-content post-content\"><h2 class=\"blog-shortcode-post-title entry-title\"><a href=\"https:\/\/www.vivacquaadvogados.com\/es\/bcb-declaracao-de-capitais-brasileiros-no-exterior-cbe-ano-base-2025\/\">BCB \u2013 DECLARA\u00c7\u00c3O DE CAPITAIS BRASILEIROS NO EXTERIOR (CBE) &#8211; ANO-BASE 2025<\/a><\/h2><\/div><div class=\"fusion-clearfix\"><\/div><div class=\"fusion-meta-info\"><span class=\"vcard\" style=\"display: none;\"><span class=\"fn\"><a href=\"https:\/\/www.vivacquaadvogados.com\/es\/author\/felipe\/\" title=\"Entradas de felipe\" rel=\"author\">felipe<\/a><\/span><\/span><span class=\"updated\" style=\"display:none;\">2026-03-24T08:46:02-03:00<\/span><div class=\"fusion-alignright\"><a class=\"fusion-read-more\" href=\"https:\/\/www.vivacquaadvogados.com\/es\/bcb-declaracao-de-capitais-brasileiros-no-exterior-cbe-ano-base-2025\/\" aria-label=\"More on BCB \u2013 DECLARA\u00c7\u00c3O DE CAPITAIS BRASILEIROS NO EXTERIOR (CBE) &#8211; ANO-BASE 2025\">Leer m\u00e1s<\/a><\/div><\/div><\/article>\n<article id=\"blog-1-post-137731\" class=\"fusion-post-medium post-137731 post type-post status-publish format-standard hentry category-publicaciones_es\">\n<div class=\"fusion-post-content post-content\"><h2 class=\"blog-shortcode-post-title entry-title\"><a href=\"https:\/\/www.vivacquaadvogados.com\/es\/carf-efd-reinf-lucros-e-dividendos-obrigatoriedade-de-informacao\/\">CARF \u2013  EFD-REINF \u2013 LUCROS E DIVIDENDOS \u2013 OBRIGATORIEDADE DE INFORMA\u00c7\u00c3O<\/a><\/h2><\/div><div class=\"fusion-clearfix\"><\/div><div class=\"fusion-meta-info\"><span class=\"vcard\" style=\"display: none;\"><span class=\"fn\"><a href=\"https:\/\/www.vivacquaadvogados.com\/es\/author\/felipe\/\" title=\"Entradas de felipe\" rel=\"author\">felipe<\/a><\/span><\/span><span class=\"updated\" style=\"display:none;\">2026-03-24T08:40:20-03:00<\/span><div class=\"fusion-alignright\"><a class=\"fusion-read-more\" href=\"https:\/\/www.vivacquaadvogados.com\/es\/carf-efd-reinf-lucros-e-dividendos-obrigatoriedade-de-informacao\/\" aria-label=\"More on CARF \u2013  EFD-REINF \u2013 LUCROS E DIVIDENDOS \u2013 OBRIGATORIEDADE DE INFORMA\u00c7\u00c3O\">Leer m\u00e1s<\/a><\/div><\/div><\/article>\n<article id=\"blog-1-post-137723\" class=\"fusion-post-medium post-137723 post type-post status-publish format-standard hentry category-publicaciones_es\">\n<div class=\"fusion-post-content post-content\"><h2 class=\"blog-shortcode-post-title entry-title\"><a href=\"https:\/\/www.vivacquaadvogados.com\/es\/stf-seguro-de-acidente-de-trabalho-autonomos-inconstitucionalidade\/\">STF \u2013 SEGURO DE ACIDENTE DE TRABALHO \u2013 AUT\u00d4NOMOS \u2013 INCONSTITUCIONALIDADE<\/a><\/h2><\/div><div class=\"fusion-clearfix\"><\/div><div class=\"fusion-meta-info\"><span class=\"vcard\" style=\"display: none;\"><span class=\"fn\"><a href=\"https:\/\/www.vivacquaadvogados.com\/es\/author\/felipe\/\" title=\"Entradas de felipe\" rel=\"author\">felipe<\/a><\/span><\/span><span class=\"updated\" style=\"display:none;\">2026-03-17T09:08:38-03:00<\/span><div class=\"fusion-alignright\"><a class=\"fusion-read-more\" href=\"https:\/\/www.vivacquaadvogados.com\/es\/stf-seguro-de-acidente-de-trabalho-autonomos-inconstitucionalidade\/\" aria-label=\"More on STF \u2013 SEGURO DE ACIDENTE DE TRABALHO \u2013 AUT\u00d4NOMOS \u2013 INCONSTITUCIONALIDADE\">Leer m\u00e1s<\/a><\/div><\/div><\/article>\n<article id=\"blog-1-post-137719\" class=\"fusion-post-medium post-137719 post type-post status-publish format-standard hentry category-publicaciones_es\">\n<div class=\"fusion-post-content post-content\"><h2 class=\"blog-shortcode-post-title entry-title\"><a href=\"https:\/\/www.vivacquaadvogados.com\/es\/carf-compensacao-anterior-ao-transito-em-julgado-possibilidade\/\">CARF \u2013 COMPENSA\u00c7\u00c3O \u2013 ANTERIOR AO TR\u00c2NSITO EM JULGADO \u2013 POSSIBILIDADE<\/a><\/h2><\/div><div class=\"fusion-clearfix\"><\/div><div class=\"fusion-meta-info\"><span class=\"vcard\" style=\"display: none;\"><span class=\"fn\"><a href=\"https:\/\/www.vivacquaadvogados.com\/es\/author\/felipe\/\" title=\"Entradas de felipe\" rel=\"author\">felipe<\/a><\/span><\/span><span class=\"updated\" style=\"display:none;\">2026-03-17T09:07:01-03:00<\/span><div class=\"fusion-alignright\"><a class=\"fusion-read-more\" href=\"https:\/\/www.vivacquaadvogados.com\/es\/carf-compensacao-anterior-ao-transito-em-julgado-possibilidade\/\" aria-label=\"More on CARF \u2013 COMPENSA\u00c7\u00c3O \u2013 ANTERIOR AO TR\u00c2NSITO EM JULGADO \u2013 POSSIBILIDADE\">Leer m\u00e1s<\/a><\/div><\/div><\/article>\n<\/div><div class=\"pagination clearfix\"><span class=\"current\">1<\/span><a href=\"https:\/\/www.vivacquaadvogados.com\/es\/wp-json\/wp\/v2\/pages\/2487\/page\/2\/\" class=\"inactive\">2<\/a><a class=\"pagination-next\" rel=\"next\" href=\"https:\/\/www.vivacquaadvogados.com\/es\/wp-json\/wp\/v2\/pages\/2487\/page\/2\/\"><span class=\"page-text\">Next<\/span><span class=\"page-next\"><\/span><\/a><\/div><div class=\"fusion-clearfix\"><\/div><\/div><\/div><\/div><div class=\"fusion-clearfix\"><\/div><\/div><\/div><\/div><\/div><div class=\"fusion-bg-parallax\" data-bg-align=\"center center\" data-direction=\"up\" data-mute=\"false\" data-opacity=\"100\" data-velocity=\"-0.5\" data-mobile-enabled=\"false\" data-break_parents=\"0\" data-bg-image=\"http:\/\/www.vivacquaadvogados.com\/wp-content\/uploads\/2015\/02\/where-we-work-parallax-3.jpg\" data-bg-repeat=\"false\" ><\/div><div class=\"fusion-fullwidth fullwidth-box fusion-builder-row-2 fusion-parallax-up nonhundred-percent-fullwidth non-hundred-percent-height-scrolling gradient-container-2\" style=\"--awb-border-radius-top-left:0px;--awb-border-radius-top-right:0px;--awb-border-radius-bottom-right:0px;--awb-border-radius-bottom-left:0px;--awb-padding-top:150px;--awb-padding-bottom:160px;--awb-margin-bottom:50px;--awb-background-image:url(&quot;http:\/\/www.vivacquaadvogados.com\/wp-content\/uploads\/2015\/02\/where-we-work-parallax-3.jpg&quot;);--awb-background-size:cover;--awb-border-sizes-top:0px;--awb-border-sizes-bottom:0px;--awb-flex-wrap:wrap;\" ><div class=\"fusion-builder-row fusion-row\"><div class=\"fusion-layout-column fusion_builder_column fusion-builder-column-2 fusion_builder_column_1_1 1_1 fusion-one-full fusion-column-first fusion-column-last fusion-column-no-min-height\" style=\"--awb-bg-size:cover;--awb-margin-bottom:0px;\"><div class=\"fusion-column-wrapper fusion-flex-column-wrapper-legacy\"><div class=\"fusion-text fusion-text-1\"><h2 style=\"text-align: center;\"><span style=\"color: #ffffff;\">TIRE SU DUDA CONOSCO<\/span><\/h2>\n<\/div><div class=\"fusion-sep-clear\"><\/div><div class=\"fusion-separator\" style=\"margin-left: auto;margin-right: auto;margin-top:10px;margin-bottom:30px;width:100%;max-width:170px;\"><div class=\"fusion-separator-border sep-single sep-solid\" style=\"--awb-height:20px;--awb-amount:20px;--awb-sep-color:#444c56;border-color:#444c56;border-top-width:1px;\"><\/div><\/div><div class=\"fusion-sep-clear\"><\/div><div class=\"fusion-clearfix\"><\/div><\/div><\/div><div class=\"fusion-layout-column fusion_builder_column fusion-builder-column-3 fusion_builder_column_1_1 1_1 fusion-one-full fusion-column-first fusion-column-last fusion-column-no-min-height\" style=\"--awb-bg-size:cover;--awb-margin-bottom:0px;\"><div class=\"fusion-column-wrapper fusion-flex-column-wrapper-legacy\"><div class=\"fusion-sep-clear\"><\/div><div class=\"fusion-separator\" style=\"margin-left: auto;margin-right: auto;margin-top:30px;width:100%;max-width:170px;\"><\/div><div class=\"fusion-sep-clear\"><\/div><div class=\"fusion-button-wrapper fusion-aligncenter\"><a class=\"fusion-button button-flat button-large button-default fusion-button-default button-1 fusion-button-default-span \" target=\"_self\" href=\"http:\/\/www.vivacquaadvogados.com\/es\/direcciones\/\"><span class=\"fusion-button-text awb-button__text awb-button__text--default\">ENTRE EN CONTACTO<\/span><\/a><\/div><div class=\"fusion-clearfix\"><\/div><\/div><\/div><\/div><\/div><\/p>\n","protected":false},"excerpt":{"rendered":"","protected":false},"author":1,"featured_media":0,"parent":0,"menu_order":0,"comment_status":"closed","ping_status":"open","template":"","meta":{"footnotes":""},"class_list":["post-2487","page","type-page","status-publish","hentry"],"_links":{"self":[{"href":"https:\/\/www.vivacquaadvogados.com\/es\/wp-json\/wp\/v2\/pages\/2487\/"}],"collection":[{"href":"https:\/\/www.vivacquaadvogados.com\/es\/wp-json\/wp\/v2\/pages\/"}],"about":[{"href":"https:\/\/www.vivacquaadvogados.com\/es\/wp-json\/wp\/v2\/types\/page\/"}],"author":[{"embeddable":true,"href":"https:\/\/www.vivacquaadvogados.com\/es\/wp-json\/wp\/v2\/users\/1\/"}],"replies":[{"embeddable":true,"href":"https:\/\/www.vivacquaadvogados.com\/es\/wp-json\/wp\/v2\/comments\/?post=2487"}],"version-history":[{"count":13,"href":"https:\/\/www.vivacquaadvogados.com\/es\/wp-json\/wp\/v2\/pages\/2487\/revisions\/"}],"predecessor-version":[{"id":4513,"href":"https:\/\/www.vivacquaadvogados.com\/es\/wp-json\/wp\/v2\/pages\/2487\/revisions\/4513\/"}],"wp:attachment":[{"href":"https:\/\/www.vivacquaadvogados.com\/es\/wp-json\/wp\/v2\/media\/?parent=2487"}],"curies":[{"name":"wp","href":"https:\/\/api.w.org\/{rel}","templated":true}]}}