{"id":2675,"date":"2018-04-24T18:56:14","date_gmt":"2018-04-24T21:56:14","guid":{"rendered":"http:\/\/www.vivacquaadvogados.com\/identidad-organizational\/"},"modified":"2018-06-16T14:13:58","modified_gmt":"2018-06-16T17:13:58","slug":"identidad-organizational","status":"publish","type":"page","link":"https:\/\/www.vivacquaadvogados.com\/es\/identidad-organizational\/","title":{"rendered":"Identidad Organizational"},"content":{"rendered":"<p><div class=\"fusion-fullwidth fullwidth-box fusion-builder-row-1 nonhundred-percent-fullwidth non-hundred-percent-height-scrolling gradient-container-1\" style=\"--awb-border-radius-top-left:0px;--awb-border-radius-top-right:0px;--awb-border-radius-bottom-right:0px;--awb-border-radius-bottom-left:0px;--awb-flex-wrap:wrap;\" ><div class=\"fusion-builder-row fusion-row\"><div class=\"fusion-layout-column fusion_builder_column fusion-builder-column-0 fusion_builder_column_1_1 1_1 fusion-one-full fusion-column-first fusion-column-last\" style=\"--awb-bg-size:cover;\"><div class=\"fusion-column-wrapper fusion-flex-column-wrapper-legacy\"><div class=\"fusion-image-element fusion-image-align-center in-legacy-container\" style=\"text-align:center;--awb-caption-title-font-family:var(--h2_typography-font-family);--awb-caption-title-font-weight:var(--h2_typography-font-weight);--awb-caption-title-font-style:var(--h2_typography-font-style);--awb-caption-title-size:var(--h2_typography-font-size);--awb-caption-title-transform:var(--h2_typography-text-transform);--awb-caption-title-line-height:var(--h2_typography-line-height);--awb-caption-title-letter-spacing:var(--h2_typography-letter-spacing);\"><div class=\"imageframe-align-center\"><span class=\" fusion-imageframe imageframe-none imageframe-1 hover-type-none\" style=\"border-radius:50%;\"><img decoding=\"async\" width=\"294\" height=\"294\" src=\"http:\/\/www.vivacquaadvogados.com\/wp-content\/uploads\/2018\/04\/org_1-1.jpg\" alt class=\"img-responsive wp-image-3062\" srcset=\"https:\/\/www.vivacquaadvogados.com\/wp-content\/uploads\/2018\/04\/org_1-1-200x200.jpg 200w, https:\/\/www.vivacquaadvogados.com\/wp-content\/uploads\/2018\/04\/org_1-1.jpg 294w\" sizes=\"(max-width: 800px) 100vw, 294px\" \/><\/span><\/div><\/div><div class=\"fusion-sep-clear\"><\/div><div class=\"fusion-separator\" style=\"margin-left: auto;margin-right: auto;margin-top:60px;margin-bottom:60px;width:100%;max-width:500px;\"><div class=\"fusion-separator-border sep-shadow\" style=\"--awb-height:20px;--awb-amount:20px;background:radial-gradient(ellipse at 50% -50% , #e0dede 0px, rgba(255, 255, 255, 0) 80%) repeat scroll 0 0 rgba(0, 0, 0, 0);background:-webkit-radial-gradient(ellipse at 50% -50% , #e0dede 0px, rgba(255, 255, 255, 0) 80%) repeat scroll 0 0 rgba(0, 0, 0, 0);background:-moz-radial-gradient(ellipse at 50% -50% , #e0dede 0px, rgba(255, 255, 255, 0) 80%) repeat scroll 0 0 rgba(0, 0, 0, 0);background:-o-radial-gradient(ellipse at 50% -50% , #e0dede 0px, rgba(255, 255, 255, 0) 80%) repeat scroll 0 0 rgba(0, 0, 0, 0);\"><\/div><\/div><div class=\"fusion-sep-clear\"><\/div><div class=\"fusion-clearfix\"><\/div><\/div><\/div><\/div><\/div><div class=\"fusion-fullwidth fullwidth-box fusion-builder-row-2 nonhundred-percent-fullwidth non-hundred-percent-height-scrolling gradient-container-2\" style=\"--awb-border-radius-top-left:0px;--awb-border-radius-top-right:0px;--awb-border-radius-bottom-right:0px;--awb-border-radius-bottom-left:0px;--awb-flex-wrap:wrap;\" ><div class=\"fusion-builder-row fusion-row\"><div class=\"fusion-layout-column fusion_builder_column fusion-builder-column-1 fusion_builder_column_1_2 1_2 fusion-one-half fusion-column-first\" style=\"--awb-bg-size:cover;width:50%;width:calc(50% - ( ( 10px ) * 0.5 ) );margin-right: 10px;\"><div class=\"fusion-column-wrapper fusion-flex-column-wrapper-legacy\"><div class=\"fusion-content-boxes content-boxes columns row fusion-columns-1 fusion-columns-total-1 fusion-content-boxes-1 content-boxes-icon-boxed content-left\" style=\"--awb-body-color:#000000;--awb-iconcolor:#004830;--awb-margin-top:50px;--awb-hover-accent-color:#a3a3a3;--awb-circle-hover-accent-color:#a3a3a3;--awb-item-margin-bottom:40px;\" data-animationOffset=\"top-into-view\"><div style=\"--awb-backgroundcolor:transparent;--awb-iconcolor:#004830;\" class=\"fusion-column content-box-column content-box-column content-box-column-1 col-lg-12 col-md-12 col-sm-12 fusion-content-box-hover content-box-column-last content-box-column-last-in-row\"><div class=\"col content-box-wrapper content-wrapper content-wrapper-boxed link-area-box content-icon-wrapper-yes icon-wrapper-hover-animation-pulsate\" data-animationOffset=\"top-into-view\"><div class=\"heading heading-with-icon icon-left\"><div class=\"icon\"><span style=\"height:82px;width:82px;line-height:42px;border-color:#004830;border-width:1px;border-style:solid;background-color:#004830;position:absolute;top:-91px;margin-left:-41px;box-sizing:content-box;border-radius:50%;\"><i style=\"border-color:#004830;border-width:1px;background-color:#ffffff;box-sizing:content-box;height:80px;width:80px;line-height:80px;border-radius:50%;position:relative;top:auto;left:auto;margin:0;border-radius:50%;font-size:40px;\" aria-hidden=\"true\" class=\"fontawesome-icon fa-check fas circle-yes\"><\/i><\/span><\/div><h2 class=\"content-box-heading\" style=\"--h2_typography-font-size:30px;line-height:35px;\">Misi\u00f3n<\/h2><\/div><div class=\"fusion-clearfix\"><\/div><div class=\"content-container\">\n<p style=\"font-size: 18px;\">Ayudar a nuestros clientes en la gesti\u00f3n de su negocio, en respuesta a las crecientes demandas impuestas por el desarrollo econ\u00f3mico.<\/p>\n<\/div><\/div><\/div><div class=\"fusion-clearfix\"><\/div><\/div><div class=\"fusion-clearfix\"><\/div><\/div><\/div><div class=\"fusion-layout-column fusion_builder_column fusion-builder-column-2 fusion_builder_column_1_2 1_2 fusion-one-half fusion-column-last\" style=\"--awb-bg-size:cover;width:50%;width:calc(50% - ( ( 10px ) * 0.5 ) );\"><div class=\"fusion-column-wrapper fusion-flex-column-wrapper-legacy\"><div class=\"fusion-content-boxes content-boxes columns row fusion-columns-1 fusion-columns-total-1 fusion-content-boxes-2 content-boxes-icon-boxed content-left\" style=\"--awb-body-color:#000000;--awb-iconcolor:#004830;--awb-margin-top:50px;--awb-hover-accent-color:#a3a3a3;--awb-circle-hover-accent-color:#a3a3a3;--awb-item-margin-bottom:40px;\" data-animationOffset=\"top-into-view\"><div style=\"--awb-backgroundcolor:transparent;--awb-iconcolor:#004830;\" class=\"fusion-column content-box-column content-box-column content-box-column-1 col-lg-12 col-md-12 col-sm-12 fusion-content-box-hover content-box-column-last content-box-column-last-in-row\"><div class=\"col content-box-wrapper content-wrapper content-wrapper-boxed link-area-box icon-hover-animation-pulsate\" data-animationOffset=\"top-into-view\"><div class=\"heading heading-with-icon icon-left\"><div class=\"icon\"><i style=\"border-color:#004830;border-width:1px;background-color:#ffffff;box-sizing:content-box;height:80px;width:80px;line-height:80px;top:-90px;margin-left:-40px;border-radius:50%;font-size:40px;\" aria-hidden=\"true\" class=\"fontawesome-icon fa-check fas circle-yes\"><\/i><\/div><h2 class=\"content-box-heading\" style=\"--h2_typography-font-size:30px;line-height:35px;\">Visi\u00f3n<\/h2><\/div><div class=\"fusion-clearfix\"><\/div><div class=\"content-container\">\n<p style=\"font-size: 18px;\">Ser la principal organizaci\u00f3n para nuestros clientes en lo antedimiento integral en asesor\u00eda legal, actuando pro activamente en el desarrollo institucional.<\/p>\n<\/div><\/div><\/div><div class=\"fusion-clearfix\"><\/div><\/div><div class=\"fusion-clearfix\"><\/div><\/div><\/div><div class=\"fusion-layout-column fusion_builder_column fusion-builder-column-3 fusion_builder_column_1_1 1_1 fusion-one-full fusion-column-first fusion-column-last\" style=\"--awb-bg-size:cover;\"><div class=\"fusion-column-wrapper fusion-flex-column-wrapper-legacy\"><div class=\"fusion-content-boxes content-boxes columns row fusion-columns-1 fusion-columns-total-1 fusion-content-boxes-3 content-boxes-icon-boxed content-left\" style=\"--awb-body-color:#000000;--awb-iconcolor:#004830;--awb-hover-accent-color:#a3a3a3;--awb-circle-hover-accent-color:#a3a3a3;--awb-item-margin-bottom:40px;\" data-animationOffset=\"top-into-view\"><div style=\"--awb-backgroundcolor:transparent;--awb-iconcolor:#004830;\" class=\"fusion-column content-box-column content-box-column content-box-column-1 col-lg-12 col-md-12 col-sm-12 fusion-content-box-hover content-box-column-last content-box-column-last-in-row\"><div class=\"col content-box-wrapper content-wrapper content-wrapper-boxed link-area-box icon-hover-animation-pulsate\" data-animationOffset=\"top-into-view\"><div class=\"heading heading-with-icon icon-left\"><div class=\"icon\"><i style=\"border-color:#004830;border-width:1px;background-color:#ffffff;box-sizing:content-box;height:80px;width:80px;line-height:80px;top:-90px;margin-left:-40px;border-radius:50%;font-size:40px;\" aria-hidden=\"true\" class=\"fontawesome-icon fa-check fas circle-yes\"><\/i><\/div><h2 class=\"content-box-heading\" style=\"--h2_typography-font-size:30px;line-height:35px;\">Valores<\/h2><\/div><div class=\"fusion-clearfix\"><\/div><div class=\"content-container\"><div class=\"fusion-builder-row fusion-builder-row-inner fusion-row\"><div class=\"fusion-layout-column fusion_builder_column_inner fusion-builder-nested-column-0 fusion_builder_column_inner_1_2 1_2 fusion-one-half fusion-column-first\" style=\"--awb-bg-size:cover;width:50%;width:calc(50% - ( ( 4% ) * 0.5 ) );margin-right: 4%;\"><div class=\"fusion-column-wrapper fusion-flex-column-wrapper-legacy\"><div class=\"fusion-text fusion-text-1\"><p style=\"text-align: center; font-size: 22px;\"><em>Excelencia en el Servicio<\/em><\/p>\n<p style=\"text-align: center; font-size: 18px;\">Atendimiento especiale a nuestros clientes en sus necesidades y expectativas, de una forma eficiente, confiable, con un lenguaje claro y de continuidad.<\/p>\n<p style=\"text-align: center; font-size: 22px;\"><em>Sustentabilidad de la Organizaci\u00f3n<\/em><\/p>\n<p style=\"text-align: center; font-size: 18px;\">La \u00e9tica y el respeto por la tradici\u00f3n, la responsabilidad social, ambiental y financiera.<\/p>\n<\/div><div class=\"fusion-clearfix\"><\/div><\/div><\/div><div class=\"fusion-layout-column fusion_builder_column_inner fusion-builder-nested-column-1 fusion_builder_column_inner_1_2 1_2 fusion-one-half fusion-column-last\" style=\"--awb-bg-size:cover;width:50%;width:calc(50% - ( ( 4% ) * 0.5 ) );\"><div class=\"fusion-column-wrapper fusion-flex-column-wrapper-legacy\"><div class=\"fusion-text fusion-text-2\"><p style=\"text-align: center; font-size: 22px;\"><em>Mejora Continua<\/em><\/p>\n<p style=\"text-align: center; font-size: 18px;\">La mejora continua de la oficina con profesionales capacitados y permenentemente actualizados con la actualizaci\u00f3n tecnol\u00f3gica y procesos de trabajo.<\/p>\n<p style=\"text-align: center; font-size: 22px;\"><em>Armon\u00eda en las Relaciones<\/em><\/p>\n<p style=\"text-align: center; font-size: 18px;\">Las interacciones del personal interno (socios, asociados y empleados) con los clientes y proveedores.<\/p>\n<\/div><div class=\"fusion-clearfix\"><\/div><\/div><\/div><\/div><\/div><\/div><\/div><div class=\"fusion-clearfix\"><\/div><\/div><div class=\"fusion-sep-clear\"><\/div><div class=\"fusion-separator\" style=\"margin-left: auto;margin-right: auto;margin-bottom:60px;width:100%;max-width:500px;\"><div class=\"fusion-separator-border sep-shadow\" style=\"--awb-height:20px;--awb-amount:20px;background:radial-gradient(ellipse at 50% -50% , #e0dede 0px, rgba(255, 255, 255, 0) 80%) repeat scroll 0 0 rgba(0, 0, 0, 0);background:-webkit-radial-gradient(ellipse at 50% -50% , #e0dede 0px, rgba(255, 255, 255, 0) 80%) repeat scroll 0 0 rgba(0, 0, 0, 0);background:-moz-radial-gradient(ellipse at 50% -50% , #e0dede 0px, rgba(255, 255, 255, 0) 80%) repeat scroll 0 0 rgba(0, 0, 0, 0);background:-o-radial-gradient(ellipse at 50% -50% , #e0dede 0px, rgba(255, 255, 255, 0) 80%) repeat scroll 0 0 rgba(0, 0, 0, 0);\"><\/div><\/div><div class=\"fusion-sep-clear\"><\/div><div class=\"fusion-title title fusion-title-1 fusion-sep-none fusion-title-center fusion-title-text fusion-title-size-two\" style=\"--awb-margin-top-small:0px;--awb-margin-right-small:0px;--awb-margin-bottom-small:20px;--awb-margin-left-small:0px;\"><h2 class=\"fusion-title-heading title-heading-center\" style=\"margin:0;\"><h2 style=\"text-align: center;\"><strong>\u00daLTIMAS PUBLICACIONES<\/strong><\/h2><\/h2><\/div><div class=\"fusion-sep-clear\"><\/div><div class=\"fusion-separator\" style=\"margin-left: auto;margin-right: auto;margin-top:30px;margin-bottom:30px;width:100%;max-width:500px;\"><\/div><div class=\"fusion-sep-clear\"><\/div><div class=\"fusion-recent-posts fusion-recent-posts-1 avada-container layout-date-on-side layout-columns-3\"><section class=\"fusion-columns columns fusion-columns-3 columns-3\"><article class=\"post fusion-column column col col-lg-4 col-md-4 col-sm-4\"><div class=\"fusion-date-and-formats\"><div class=\"fusion-date-box updated\"><span class=\"fusion-date\">7<\/span><span class=\"fusion-month-year\">05, 2026<\/span><\/div><div class=\"fusion-format-box\"><i class=\"awb-icon-pen\" aria-hidden=\"true\"><\/i><\/div><\/div><div class=\"recent-posts-content\"><span class=\"vcard\" style=\"display: none;\"><span class=\"fn\"><a href=\"https:\/\/www.vivacquaadvogados.com\/es\/author\/felipe\/\" title=\"Entradas de felipe\" rel=\"author\">felipe<\/a><\/span><\/span><span class=\"updated\" style=\"display:none;\">2026-05-07T09:25:56-03:00<\/span><h4 class=\"entry-title\"><a href=\"https:\/\/www.vivacquaadvogados.com\/es\/cmn-resolucao-no-5-298-26-mercado-de-derivativos-resolucao-cmn-no-5-298-2026-regula-o-mercado-de-derivativos-e-veda-ativos-sem-referencial-economico-financeiro\/\">CMN &#8211; RESOLU\u00c7\u00c3O N\u00ba 5.298\/26 &#8211; MERCADO DE DERIVATIVOS &#8211; RESOLU\u00c7\u00c3O CMN N\u00ba 5.298\/2026 REGULA O MERCADO DE DERIVATIVOS E VEDA ATIVOS SEM REFERENCIAL ECON\u00d4MICO-FINANCEIRO<\/a><\/h4><\/div><\/article><article class=\"post fusion-column column col col-lg-4 col-md-4 col-sm-4\"><div class=\"fusion-date-and-formats\"><div class=\"fusion-date-box updated\"><span class=\"fusion-date\">7<\/span><span class=\"fusion-month-year\">05, 2026<\/span><\/div><div class=\"fusion-format-box\"><i class=\"awb-icon-pen\" aria-hidden=\"true\"><\/i><\/div><\/div><div class=\"recent-posts-content\"><span class=\"vcard\" style=\"display: none;\"><span class=\"fn\"><a href=\"https:\/\/www.vivacquaadvogados.com\/es\/author\/felipe\/\" title=\"Entradas de felipe\" rel=\"author\">felipe<\/a><\/span><\/span><span class=\"updated\" style=\"display:none;\">2026-05-07T09:24:45-03:00<\/span><h4 class=\"entry-title\"><a href=\"https:\/\/www.vivacquaadvogados.com\/es\/receita-federal-solucao-de-consulta-cosit-no-48-26-incentivos-fiscais-ao-esporte-ampliacao\/\">RECEITA FEDERAL\u2013 SOLU\u00c7\u00c3O DE CONSULTA COSIT N\u00ba 48\/26\u2013 INCENTIVOS FISCAIS AO ESPORTE \u2013 AMPLIA\u00c7\u00c3O<\/a><\/h4><\/div><\/article><article class=\"post fusion-column column col col-lg-4 col-md-4 col-sm-4\"><div class=\"fusion-date-and-formats\"><div class=\"fusion-date-box updated\"><span class=\"fusion-date\">7<\/span><span class=\"fusion-month-year\">05, 2026<\/span><\/div><div class=\"fusion-format-box\"><i class=\"awb-icon-pen\" aria-hidden=\"true\"><\/i><\/div><\/div><div class=\"recent-posts-content\"><span class=\"vcard\" style=\"display: none;\"><span class=\"fn\"><a href=\"https:\/\/www.vivacquaadvogados.com\/es\/author\/felipe\/\" title=\"Entradas de felipe\" rel=\"author\">felipe<\/a><\/span><\/span><span class=\"updated\" style=\"display:none;\">2026-05-07T09:22:09-03:00<\/span><h4 class=\"entry-title\"><a href=\"https:\/\/www.vivacquaadvogados.com\/es\/carf-contribuicao-previdenciaria-abono-por-adesao-a-plano-de-cargos-e-remuneracao-nao-incidencia\/\">CARF \u2013 CONTRIBUI\u00c7\u00c3O PREVIDENCI\u00c1RIA \u2013 ABONO POR ADES\u00c3O A PLANO DE CARGOS E REMUNERA\u00c7\u00c3O \u2013 N\u00c3O INCID\u00caNCIA<\/a><\/h4><\/div><\/article><article class=\"post fusion-column column col col-lg-4 col-md-4 col-sm-4\"><div class=\"fusion-date-and-formats\"><div class=\"fusion-date-box updated\"><span class=\"fusion-date\">22<\/span><span class=\"fusion-month-year\">04, 2026<\/span><\/div><div class=\"fusion-format-box\"><i class=\"awb-icon-pen\" aria-hidden=\"true\"><\/i><\/div><\/div><div class=\"recent-posts-content\"><span class=\"vcard\" style=\"display: none;\"><span class=\"fn\"><a href=\"https:\/\/www.vivacquaadvogados.com\/es\/author\/felipe\/\" title=\"Entradas de felipe\" rel=\"author\">felipe<\/a><\/span><\/span><span class=\"updated\" style=\"display:none;\">2026-05-07T09:26:16-03:00<\/span><h4 class=\"entry-title\"><a href=\"https:\/\/www.vivacquaadvogados.com\/es\/tjrj-judicializacao-predatoria-notas-tecnicas\/\">TJRJ \u2013 JUDICIALIZA\u00c7\u00c3O PREDAT\u00d3RIA\u2013 NOTAS T\u00c9CNICAS<\/a><\/h4><\/div><\/article><article class=\"post fusion-column column col col-lg-4 col-md-4 col-sm-4\"><div class=\"fusion-date-and-formats\"><div class=\"fusion-date-box updated\"><span class=\"fusion-date\">22<\/span><span class=\"fusion-month-year\">04, 2026<\/span><\/div><div class=\"fusion-format-box\"><i class=\"awb-icon-pen\" aria-hidden=\"true\"><\/i><\/div><\/div><div class=\"recent-posts-content\"><span class=\"vcard\" style=\"display: none;\"><span class=\"fn\"><a href=\"https:\/\/www.vivacquaadvogados.com\/es\/author\/felipe\/\" title=\"Entradas de felipe\" rel=\"author\">felipe<\/a><\/span><\/span><span class=\"updated\" style=\"display:none;\">2026-04-22T10:08:30-03:00<\/span><h4 class=\"entry-title\"><a href=\"https:\/\/www.vivacquaadvogados.com\/es\/carf-suporte-tecnico-deducao-base-de-calculo-irpj-e-csll-possibilidade\/\">CARF \u2013 SUPORTE T\u00c9CNICO \u2013 DEDU\u00c7\u00c3O BASE DE C\u00c1LCULO IRPJ E CSLL \u2013 POSSIBILIDADE<\/a><\/h4><\/div><\/article><article class=\"post fusion-column column col col-lg-4 col-md-4 col-sm-4\"><div class=\"fusion-date-and-formats\"><div class=\"fusion-date-box updated\"><span class=\"fusion-date\">22<\/span><span class=\"fusion-month-year\">04, 2026<\/span><\/div><div class=\"fusion-format-box\"><i class=\"awb-icon-pen\" aria-hidden=\"true\"><\/i><\/div><\/div><div class=\"recent-posts-content\"><span class=\"vcard\" style=\"display: none;\"><span class=\"fn\"><a href=\"https:\/\/www.vivacquaadvogados.com\/es\/author\/felipe\/\" title=\"Entradas de felipe\" rel=\"author\">felipe<\/a><\/span><\/span><span class=\"updated\" style=\"display:none;\">2026-04-22T10:07:17-03:00<\/span><h4 class=\"entry-title\"><a href=\"https:\/\/www.vivacquaadvogados.com\/es\/carf-plataforma-de-pagamento-responsabilizacao-debitos-oriundos-de-fraude\/\">CARF \u2013 PLATAFORMA DE PAGAMENTO \u2013 RESPONSABILIZA\u00c7\u00c3O \u2013 D\u00c9BITOS ORIUNDOS DE FRAUDE<\/a><\/h4><\/div><\/article><\/section><\/div><div class=\"fusion-clearfix\"><\/div><\/div><\/div><\/div><\/div><\/p>\n","protected":false},"excerpt":{"rendered":"","protected":false},"author":1,"featured_media":0,"parent":0,"menu_order":0,"comment_status":"closed","ping_status":"closed","template":"","meta":{"footnotes":""},"class_list":["post-2675","page","type-page","status-publish","hentry"],"_links":{"self":[{"href":"https:\/\/www.vivacquaadvogados.com\/es\/wp-json\/wp\/v2\/pages\/2675\/"}],"collection":[{"href":"https:\/\/www.vivacquaadvogados.com\/es\/wp-json\/wp\/v2\/pages\/"}],"about":[{"href":"https:\/\/www.vivacquaadvogados.com\/es\/wp-json\/wp\/v2\/types\/page\/"}],"author":[{"embeddable":true,"href":"https:\/\/www.vivacquaadvogados.com\/es\/wp-json\/wp\/v2\/users\/1\/"}],"replies":[{"embeddable":true,"href":"https:\/\/www.vivacquaadvogados.com\/es\/wp-json\/wp\/v2\/comments\/?post=2675"}],"version-history":[{"count":16,"href":"https:\/\/www.vivacquaadvogados.com\/es\/wp-json\/wp\/v2\/pages\/2675\/revisions\/"}],"predecessor-version":[{"id":4463,"href":"https:\/\/www.vivacquaadvogados.com\/es\/wp-json\/wp\/v2\/pages\/2675\/revisions\/4463\/"}],"wp:attachment":[{"href":"https:\/\/www.vivacquaadvogados.com\/es\/wp-json\/wp\/v2\/media\/?parent=2675"}],"curies":[{"name":"wp","href":"https:\/\/api.w.org\/{rel}","templated":true}]}}