{"id":2832,"date":"2018-04-25T11:24:32","date_gmt":"2018-04-25T14:24:32","guid":{"rendered":"http:\/\/www.vivacquaadvogados.com\/proyectos\/"},"modified":"2023-09-01T10:31:45","modified_gmt":"2023-09-01T13:31:45","slug":"proyectos","status":"publish","type":"page","link":"https:\/\/www.vivacquaadvogados.com\/es\/proyectos\/","title":{"rendered":"Proyectos"},"content":{"rendered":"<div class=\"fusion-fullwidth fullwidth-box fusion-builder-row-1 nonhundred-percent-fullwidth non-hundred-percent-height-scrolling gradient-container-1\" style=\"--awb-border-radius-top-left:0px;--awb-border-radius-top-right:0px;--awb-border-radius-bottom-right:0px;--awb-border-radius-bottom-left:0px;--awb-flex-wrap:wrap;\" ><div class=\"fusion-builder-row fusion-row\"><div class=\"fusion-layout-column fusion_builder_column fusion-builder-column-0 fusion_builder_column_1_3 1_3 fusion-one-third fusion-column-first\" style=\"--awb-bg-size:cover;width:33.333333333333%;width:calc(33.333333333333% - ( ( 4% + 4% ) * 0.33333333333333 ) );margin-right: 4%;\"><div class=\"fusion-column-wrapper fusion-flex-column-wrapper-legacy\"><ul style=\"--awb-size:18px;--awb-iconcolor:#004830;--awb-line-height:30.6px;--awb-icon-width:30.6px;--awb-icon-height:30.6px;--awb-icon-margin:12.6px;--awb-content-margin:43.2px;--awb-circlecolor:#ffffff;--awb-circle-yes-font-size:15.84px;\" class=\"fusion-checklist fusion-checklist-1 fusion-checklist-default fusion-checklist-divider type-icons\"><li class=\"fusion-li-item\" style=\"\"><span class=\"icon-wrapper circle-yes\"><i class=\"fusion-li-icon fa-check-circle far\" aria-hidden=\"true\"><\/i><\/span><div class=\"fusion-li-item-content\">\n<p><strong style=\"text-transform: uppercase; font-color: #004830;\">Asesoramiento<\/strong> jur\u00eddico para la comercializaci\u00f3n de los seguros vendido por primera vez en Brasil por SMS.<\/p>\n<\/div><\/li><li class=\"fusion-li-item\" style=\"\"><span class=\"icon-wrapper circle-yes\"><i class=\"fusion-li-icon fa-check-circle far\" aria-hidden=\"true\"><\/i><\/span><div class=\"fusion-li-item-content\">\n<p><strong style=\"text-transform: uppercase; font-color: #004830;\">Asistencia<\/strong> en la captaci\u00f3n de fondos del BNDES y BNB.<\/p>\n<\/div><\/li><li class=\"fusion-li-item\" style=\"\"><span class=\"icon-wrapper circle-yes\"><i class=\"fusion-li-icon fa-check-circle far\" aria-hidden=\"true\"><\/i><\/span><div class=\"fusion-li-item-content\"><strong style=\"text-transform: uppercase; font-color: #004830;\">Asesoramiento<\/strong> en la venta de activos de generaci\u00f3n de energ\u00eda.<\/div><\/li><li class=\"fusion-li-item\" style=\"\"><span class=\"icon-wrapper circle-yes\"><i class=\"fusion-li-icon fa-check-circle far\" aria-hidden=\"true\"><\/i><\/span><div class=\"fusion-li-item-content\"><strong style=\"text-transform: uppercase; font-color: #004830;\">Tratar<\/strong> con agencias del gobierno brasile\u00f1o y extranjeros para abrir la representaci\u00f3n de la aseguradora fuera de Brasil.<\/div><\/li><li class=\"fusion-li-item\" style=\"\"><span class=\"icon-wrapper circle-yes\"><i class=\"fusion-li-icon fa-check-circle far\" aria-hidden=\"true\"><\/i><\/span><div class=\"fusion-li-item-content\"><strong style=\"text-transform: uppercase; font-color: #004830;\">Preparar<\/strong> los instrumentos necesarios para regular el funcionamiento de los proyectos, tales como la comercializaci\u00f3n de seguros para los funcionarios p\u00fablicos, descuento factor en cuenta de n\u00f3mina o un banco, y las asociaciones con empresas de servicios p\u00fablicos para la venta de seguros a sus clientes, entre otros.<\/div><\/li><li class=\"fusion-li-item\" style=\"\"><span class=\"icon-wrapper circle-yes\"><i class=\"fusion-li-icon fa-check-circle far\" aria-hidden=\"true\"><\/i><\/span><div class=\"fusion-li-item-content\"><strong style=\"text-transform: uppercase; font-color: #004830;\">Adecuaci\u00f3n<\/strong> de estructurar legalmente (mercantil y fiscal) al nivel 2 BOVESPA de corporate governance.<\/div><\/li><li class=\"fusion-li-item\" style=\"\"><span class=\"icon-wrapper circle-yes\"><i class=\"fusion-li-icon fa-check-circle far\" aria-hidden=\"true\"><\/i><\/span><div class=\"fusion-li-item-content\"><strong style=\"text-transform: uppercase; font-color: #004830;\">Preparaci\u00f3n<\/strong> y negociaci\u00f3n de conexi\u00f3n y el uso de sistema de energ\u00eda el\u00e9ctrica.<\/div><\/li><li class=\"fusion-li-item\" style=\"\"><span class=\"icon-wrapper circle-yes\"><i class=\"fusion-li-icon fa-check-circle far\" aria-hidden=\"true\"><\/i><\/span><div class=\"fusion-li-item-content\"><strong style=\"text-transform: uppercase; font-color: #004830;\">Creaci\u00f3n<\/strong> de grupos empresariales a partir de empresas controladas por personas distintas.<\/div><\/li><\/ul><div class=\"fusion-clearfix\"><\/div><\/div><\/div><div class=\"fusion-layout-column fusion_builder_column fusion-builder-column-1 fusion_builder_column_1_3 1_3 fusion-one-third\" style=\"--awb-bg-size:cover;width:33.333333333333%;width:calc(33.333333333333% - ( ( 4% + 4% ) * 0.33333333333333 ) );margin-right: 4%;\"><div class=\"fusion-column-wrapper fusion-flex-column-wrapper-legacy\"><ul style=\"--awb-size:18px;--awb-iconcolor:#004830;--awb-line-height:30.6px;--awb-icon-width:30.6px;--awb-icon-height:30.6px;--awb-icon-margin:12.6px;--awb-content-margin:43.2px;--awb-circlecolor:#ffffff;--awb-circle-yes-font-size:15.84px;\" class=\"fusion-checklist fusion-checklist-2 fusion-checklist-default fusion-checklist-divider type-icons\"><li class=\"fusion-li-item\" style=\"\"><span class=\"icon-wrapper circle-yes\"><i class=\"fusion-li-icon fa-check-circle far\" aria-hidden=\"true\"><\/i><\/span><div class=\"fusion-li-item-content\"><strong style=\"text-transform: uppercase; font-color: #004830;\">Preparaci\u00f3n<\/strong> de proyecto para el establecimiento de una instituci\u00f3n financiera.<\/div><\/li><li class=\"fusion-li-item\" style=\"\"><span class=\"icon-wrapper circle-yes\"><i class=\"fusion-li-icon fa-check-circle far\" aria-hidden=\"true\"><\/i><\/span><div class=\"fusion-li-item-content\">\n<p><strong style=\"text-transform: uppercase; font-color: #004830;\">Evaluaci\u00f3n<\/strong> de la regulaci\u00f3n de los fondos de inversi\u00f3n para adaptaci\u00f3n de los contratos <em>Built to Suit<\/em>.<\/p>\n<\/div><\/li><li class=\"fusion-li-item\" style=\"\"><span class=\"icon-wrapper circle-yes\"><i class=\"fusion-li-icon fa-check-circle far\" aria-hidden=\"true\"><\/i><\/span><div class=\"fusion-li-item-content\">\n<p><strong style=\"text-transform: uppercase; font-color: #004830;\">Asesoramiento<\/strong> jur\u00eddico sobre la posibilidad de aplicar la medici\u00f3n electr\u00f3nica de la electricidad y la aprobaci\u00f3n de la ANEEL.<\/p>\n<\/div><\/li><li class=\"fusion-li-item\" style=\"\"><span class=\"icon-wrapper circle-yes\"><i class=\"fusion-li-icon fa-check-circle far\" aria-hidden=\"true\"><\/i><\/span><div class=\"fusion-li-item-content\"><strong style=\"text-transform: uppercase; font-color: #004830;\">Evaluaci\u00f3n<\/strong> y preparaci\u00f3n de los contratos administrativos.<\/div><\/li><li class=\"fusion-li-item\" style=\"\"><span class=\"icon-wrapper circle-yes\"><i class=\"fusion-li-icon fa-check-circle far\" aria-hidden=\"true\"><\/i><\/span><div class=\"fusion-li-item-content\"><strong style=\"text-transform: uppercase; font-color: #004830;\">Estructuraci\u00f3n<\/strong> de pr\u00e9stamo personal operativo y preparaci\u00f3n de los instrumentos necesarios para la liberaci\u00f3n de los cr\u00e9ditos.<\/div><\/li><li class=\"fusion-li-item\" style=\"\"><span class=\"icon-wrapper circle-yes\"><i class=\"fusion-li-icon fa-check-circle far\" aria-hidden=\"true\"><\/i><\/span><div class=\"fusion-li-item-content\"><strong style=\"text-transform: uppercase; font-color: #004830;\">Reestructuraci\u00f3n<\/strong> empresarial y de las operaciones econ\u00f3micas de las empresas miembros, con ajustes de los par\u00e1metros de riesgo, el costo fiscal y operativo.<\/div><\/li><li class=\"fusion-li-item\" style=\"\"><span class=\"icon-wrapper circle-yes\"><i class=\"fusion-li-icon fa-check-circle far\" aria-hidden=\"true\"><\/i><\/span><div class=\"fusion-li-item-content\"><strong style=\"text-transform: uppercase; font-color: #004830;\">Reestructuraci\u00f3n<\/strong> legal de reducir la delincuencia y la eficacia de la recuperaci\u00f3n de los fondos a la compa\u00f1\u00eda el\u00e9ctrica.<\/div><\/li><li class=\"fusion-li-item\" style=\"\"><span class=\"icon-wrapper circle-yes\"><i class=\"fusion-li-icon fa-check-circle far\" aria-hidden=\"true\"><\/i><\/span><div class=\"fusion-li-item-content\"><strong style=\"text-transform: uppercase; font-color: #004830;\">Resstructuraci\u00f3n<\/strong> de empresa de Canada para operar en Brasil.<\/div><\/li><li class=\"fusion-li-item\" style=\"\"><span class=\"icon-wrapper circle-yes\"><i class=\"fusion-li-icon fa-check-circle far\" aria-hidden=\"true\"><\/i><\/span><div class=\"fusion-li-item-content\"><strong style=\"text-transform: uppercase; font-color: #004830;\">Constituci\u00f3n<\/strong> de fondos en el extranjero para recaudar fondos.<\/div><\/li><li class=\"fusion-li-item\" style=\"\"><span class=\"icon-wrapper circle-yes\"><i class=\"fusion-li-icon fa-check-circle far\" aria-hidden=\"true\"><\/i><\/span><div class=\"fusion-li-item-content\"><strong style=\"text-transform: uppercase; font-color: #004830;\">Constituci\u00f3n<\/strong> de sociedades holding familiares.<\/div><\/li><\/ul><div class=\"fusion-clearfix\"><\/div><\/div><\/div><div class=\"fusion-layout-column fusion_builder_column fusion-builder-column-2 fusion_builder_column_1_3 1_3 fusion-one-third fusion-column-last\" style=\"--awb-bg-size:cover;width:33.333333333333%;width:calc(33.333333333333% - ( ( 4% + 4% ) * 0.33333333333333 ) );\"><div class=\"fusion-column-wrapper fusion-flex-column-wrapper-legacy\"><ul style=\"--awb-size:18px;--awb-iconcolor:#004830;--awb-line-height:30.6px;--awb-icon-width:30.6px;--awb-icon-height:30.6px;--awb-icon-margin:12.6px;--awb-content-margin:43.2px;--awb-circlecolor:#ffffff;--awb-circle-yes-font-size:15.84px;\" class=\"fusion-checklist fusion-checklist-3 fusion-checklist-default fusion-checklist-divider type-icons\"><li class=\"fusion-li-item\" style=\"\"><span class=\"icon-wrapper circle-yes\"><i class=\"fusion-li-icon fa-check-circle far\" aria-hidden=\"true\"><\/i><\/span><div class=\"fusion-li-item-content\"><strong style=\"text-transform: uppercase; font-color: #004830;\">Aplicaci\u00f3n<\/strong> de las normas de la secci\u00f3n 404 de la Ley <em>Sarbanes &#038; Oxley<\/em>.<\/div><\/li><li class=\"fusion-li-item\" style=\"\"><span class=\"icon-wrapper circle-yes\"><i class=\"fusion-li-icon fa-check-circle far\" aria-hidden=\"true\"><\/i><\/span><div class=\"fusion-li-item-content\">\n<p><strong style=\"text-transform: uppercase; font-color: #004830;\">Comprobar<\/strong> costo tributario sobre el consumo de energ\u00eda prepago.<\/p>\n<\/div><\/li><li class=\"fusion-li-item\" style=\"\"><span class=\"icon-wrapper circle-yes\"><i class=\"fusion-li-icon fa-check-circle far\" aria-hidden=\"true\"><\/i><\/span><div class=\"fusion-li-item-content\"><strong style=\"text-transform: uppercase; font-color: #004830;\">Participaci\u00f3n<\/strong> en la revisi\u00f3n y modificaci\u00f3n de la base contable, en cambio, con la generaci\u00f3n de cr\u00e9ditos fiscales.<\/div><\/li><li class=\"fusion-li-item\" style=\"\"><span class=\"icon-wrapper circle-yes\"><i class=\"fusion-li-icon fa-check-circle far\" aria-hidden=\"true\"><\/i><\/span><div class=\"fusion-li-item-content\">\n<p><strong style=\"text-transform: uppercase; font-color: #004830;\">Separaci\u00f3n<\/strong> de red p\u00fablica (actividades de segregaci\u00f3n de distribuci\u00f3n y generaci\u00f3n)<\/p>\n<\/div><\/li><li class=\"fusion-li-item\" style=\"\"><span class=\"icon-wrapper circle-yes\"><i class=\"fusion-li-icon fa-check-circle far\" aria-hidden=\"true\"><\/i><\/span><div class=\"fusion-li-item-content\"><strong style=\"text-transform: uppercase; font-color: #004830;\">Emisi\u00f3n<\/strong> de obligaciones.<\/div><\/li><li class=\"fusion-li-item\" style=\"\"><span class=\"icon-wrapper circle-yes\"><i class=\"fusion-li-icon fa-check-circle far\" aria-hidden=\"true\"><\/i><\/span><div class=\"fusion-li-item-content\"><strong style=\"text-transform: uppercase; font-color: #004830;\">Participaci\u00f3n<\/strong> en procedimientos de licitaci\u00f3n (Ley 8.666\/93)<\/div><\/li><li class=\"fusion-li-item\" style=\"\"><span class=\"icon-wrapper circle-yes\"><i class=\"fusion-li-icon fa-check-circle far\" aria-hidden=\"true\"><\/i><\/span><div class=\"fusion-li-item-content\">\n<p><strong style=\"text-transform: uppercase; font-color: #004830;\">Regularizaci\u00f3n<\/strong> de <em>websites<\/em> para servicios y comercializaci\u00f3n de productos<\/p>\n<\/div><\/li><li class=\"fusion-li-item\" style=\"\"><span class=\"icon-wrapper circle-yes\"><i class=\"fusion-li-icon fa-check-circle far\" aria-hidden=\"true\"><\/i><\/span><div class=\"fusion-li-item-content\"><strong style=\"text-transform: uppercase; font-color: #004830;\">El an\u00e1lisis<\/strong> de los documentos de licitaci\u00f3n y la obtenci\u00f3n de los documentos (certificados y requerimientos judiciales) necesarios para regular la participaci\u00f3n en los procesos de licitaci\u00f3n.<\/div><\/li><li class=\"fusion-li-item\" style=\"\"><span class=\"icon-wrapper circle-yes\"><i class=\"fusion-li-icon fa-check-circle far\" aria-hidden=\"true\"><\/i><\/span><div class=\"fusion-li-item-content\">\n<p><strong style=\"text-transform: uppercase; font-color: #004830;\">Coordinaci\u00f3n<\/strong> de <em>due diligence<\/em> con la interfaz junto con los representantes de las empresas, auditor\u00edas y consultor\u00edas involucrados.<\/p>\n<\/div><\/li><\/ul><div class=\"fusion-clearfix\"><\/div><\/div><\/div><\/div><\/div>\n","protected":false},"excerpt":{"rendered":"","protected":false},"author":1,"featured_media":0,"parent":0,"menu_order":0,"comment_status":"closed","ping_status":"closed","template":"","meta":{"footnotes":""},"class_list":["post-2832","page","type-page","status-publish","hentry"],"_links":{"self":[{"href":"https:\/\/www.vivacquaadvogados.com\/es\/wp-json\/wp\/v2\/pages\/2832\/"}],"collection":[{"href":"https:\/\/www.vivacquaadvogados.com\/es\/wp-json\/wp\/v2\/pages\/"}],"about":[{"href":"https:\/\/www.vivacquaadvogados.com\/es\/wp-json\/wp\/v2\/types\/page\/"}],"author":[{"embeddable":true,"href":"https:\/\/www.vivacquaadvogados.com\/es\/wp-json\/wp\/v2\/users\/1\/"}],"replies":[{"embeddable":true,"href":"https:\/\/www.vivacquaadvogados.com\/es\/wp-json\/wp\/v2\/comments\/?post=2832"}],"version-history":[{"count":61,"href":"https:\/\/www.vivacquaadvogados.com\/es\/wp-json\/wp\/v2\/pages\/2832\/revisions\/"}],"predecessor-version":[{"id":136009,"href":"https:\/\/www.vivacquaadvogados.com\/es\/wp-json\/wp\/v2\/pages\/2832\/revisions\/136009\/"}],"wp:attachment":[{"href":"https:\/\/www.vivacquaadvogados.com\/es\/wp-json\/wp\/v2\/media\/?parent=2832"}],"curies":[{"name":"wp","href":"https:\/\/api.w.org\/{rel}","templated":true}]}}