{"id":3722,"date":"2018-05-15T19:13:04","date_gmt":"2018-05-15T22:13:04","guid":{"rendered":"http:\/\/www.vivacquaadvogados.com\/quienes-somos\/"},"modified":"2024-02-12T22:50:10","modified_gmt":"2024-02-13T01:50:10","slug":"nuestra-historia","status":"publish","type":"page","link":"https:\/\/www.vivacquaadvogados.com\/es\/nuestra-historia\/","title":{"rendered":"Nuestra Historia"},"content":{"rendered":"<p><div class=\"fusion-fullwidth fullwidth-box fusion-builder-row-1 nonhundred-percent-fullwidth non-hundred-percent-height-scrolling fusion-equal-height-columns gradient-container-1\" style=\"--awb-background-position:left top;--awb-border-sizes-top:0px;--awb-border-sizes-bottom:0px;--awb-border-sizes-left:0px;--awb-border-sizes-right:0px;--awb-border-radius-top-left:0px;--awb-border-radius-top-right:0px;--awb-border-radius-bottom-right:0px;--awb-border-radius-bottom-left:0px;--awb-padding-top:150px;--awb-padding-bottom:80px;--awb-flex-wrap:wrap;\" ><div class=\"fusion-builder-row fusion-row\"><div class=\"fusion-layout-column fusion_builder_column fusion-builder-column-0 fusion_builder_column_1_1 1_1 fusion-one-full fusion-column-first fusion-column-last\" style=\"--awb-bg-size:cover;\"><div class=\"fusion-column-wrapper fusion-flex-column-wrapper-legacy\"><div class=\"fusion-builder-row fusion-builder-row-inner fusion-row\"><div class=\"fusion-layout-column fusion_builder_column_inner fusion-builder-nested-column-0 fusion_builder_column_inner_1_2 1_2 fusion-one-half fusion-column-first fusion-column-no-min-height\" style=\"--awb-bg-size:cover;--awb-margin-bottom:0px;\"><div class=\"fusion-column-wrapper fusion-flex-column-wrapper-legacy\"><div class=\"fusion-title title fusion-title-1 fusion-sep-none fusion-title-center fusion-title-text fusion-title-size-two\" style=\"--awb-margin-top-small:0px;--awb-margin-right-small:0px;--awb-margin-bottom-small:20px;--awb-margin-left-small:0px;\"><h2 class=\"fusion-title-heading title-heading-center\" style=\"margin:0;\"><h2 style=\"font-size: 30px; text-align: center;\">HISTORIA DE LA FIRMA<\/h2><\/h2><\/div><div class=\"fusion-sep-clear\"><\/div><div class=\"fusion-separator\" style=\"margin-left: auto;margin-right: auto;margin-bottom:60px;width:100%;max-width:170px;\"><div class=\"fusion-separator-border sep-single sep-solid\" style=\"--awb-height:20px;--awb-amount:20px;--awb-sep-color:#e2e3e8;border-color:#e2e3e8;border-top-width:3px;\"><\/div><\/div><div class=\"fusion-sep-clear\"><\/div><div class=\"fusion-text fusion-text-1\"><p style=\"text-align: justify; font-size: 20px; color: #000;\">El bufete de abogados Vivacqua Abogados se origin\u00f3 de la asociaci\u00f3n de profesionales con experiencia acumulada en empresas integrantes de grupos nacionales e internacionales, as\u00ed como en tradicionales bufetes de abogados.<\/p>\n<\/div><div class=\"fusion-clearfix\"><\/div><\/div><\/div><div class=\"fusion-layout-column fusion_builder_column_inner fusion-builder-nested-column-1 fusion_builder_column_inner_1_2 1_2 fusion-one-half fusion-column-last fusion-column-no-min-height\" style=\"--awb-bg-size:cover;--awb-margin-bottom:0px;width:48%;\"><div class=\"fusion-column-wrapper fusion-flex-column-wrapper-legacy\"><div class=\"fusion-column-content-centered\"><div class=\"fusion-column-content\"><div class=\"fusion-image-element fusion-image-align-right in-legacy-container\" style=\"text-align:right;--awb-caption-title-font-family:var(--h2_typography-font-family);--awb-caption-title-font-weight:var(--h2_typography-font-weight);--awb-caption-title-font-style:var(--h2_typography-font-style);--awb-caption-title-size:var(--h2_typography-font-size);--awb-caption-title-transform:var(--h2_typography-text-transform);--awb-caption-title-line-height:var(--h2_typography-line-height);--awb-caption-title-letter-spacing:var(--h2_typography-letter-spacing);\"><span class=\" fusion-imageframe imageframe-none imageframe-1 hover-type-none\" style=\"margin-left:25px;float:right;\"><img decoding=\"async\" width=\"500\" height=\"250\" src=\"https:\/\/www.vivacquaadvogados.com\/wp-content\/uploads\/2018\/05\/foto_quem_somos_500x250px.jpg\" alt class=\"img-responsive wp-image-3897\" srcset=\"https:\/\/www.vivacquaadvogados.com\/wp-content\/uploads\/2018\/05\/foto_quem_somos_500x250px-200x100.jpg 200w, https:\/\/www.vivacquaadvogados.com\/wp-content\/uploads\/2018\/05\/foto_quem_somos_500x250px-400x200.jpg 400w, https:\/\/www.vivacquaadvogados.com\/wp-content\/uploads\/2018\/05\/foto_quem_somos_500x250px.jpg 500w\" sizes=\"(max-width: 800px) 100vw, 500px\" \/><\/span><\/div><\/div><\/div><div class=\"fusion-clearfix\"><\/div><\/div><\/div><\/div><div class=\"fusion-text fusion-text-2\"><p style=\"text-align: justify; font-size: 20px; color: #000;\">La prestaci\u00f3n de servicios basados en los pilares experiencia, credibilidad y eficiencia, hizo que la oficina incorporara a sus cuadros profesionales de los m\u00e1s variados segmentos, provenientes de renombradas oficinas de abogac\u00eda y grupos empresariales de gran porte, actuantes en los m\u00e1s diversos sectores de la econom\u00eda nacional , especialmente del sector de infraestructura, mercado financiero, emprendimientos inmobiliarios, centros comerciales y minoristas, as\u00ed como cuestiones relacionadas con el Medio Ambiente, el Derecho del Consumidor y la Propiedad Intelectual, entre otras.<\/p>\n<\/div><div class=\"fusion-clearfix\"><\/div><\/div><\/div><\/div><\/div><div class=\"fusion-fullwidth fullwidth-box fusion-builder-row-2 nonhundred-percent-fullwidth non-hundred-percent-height-scrolling gradient-container-2\" style=\"--awb-background-position:left top;--awb-border-sizes-top:0px;--awb-border-sizes-bottom:0px;--awb-border-sizes-left:0px;--awb-border-sizes-right:0px;--awb-border-radius-top-left:0px;--awb-border-radius-top-right:0px;--awb-border-radius-bottom-right:0px;--awb-border-radius-bottom-left:0px;--awb-padding-top:80px;--awb-padding-bottom:80px;--awb-background-color:#dddddd;--awb-flex-wrap:wrap;\" ><div class=\"fusion-builder-row fusion-row\"><div class=\"fusion-layout-column fusion_builder_column fusion-builder-column-1 fusion_builder_column_1_1 1_1 fusion-one-full fusion-column-first fusion-column-last fusion-column-no-min-height\" style=\"--awb-bg-size:cover;--awb-margin-bottom:0px;\"><div class=\"fusion-column-wrapper fusion-flex-column-wrapper-legacy\"><div class=\"elegant-special-heading special-heading-align-center \" style=\"height:100px;\"><div class=\"elegant-special-heading-wrapper\"><h2 class=\"elegant-special-heading-title\" style=\"font-family: &#039;Ubuntu&#039; ;font-weight: 400;font-size:28px;color:#004830;\">C\u00d3MO ACTUAMOS<\/h2><\/div><\/div><div class=\"fusion-sep-clear\"><\/div><div class=\"fusion-separator fusion-full-width-sep\" style=\"margin-left: auto;margin-right: auto;margin-top:20px;margin-bottom:20px;width:100%;\"><\/div><div class=\"fusion-sep-clear\"><\/div><div class=\"fusion-text fusion-text-3\"><p style=\"text-align: justify; font-size: 19px; color: #000;\">El bufete de abogados Vivacqua Abogados, desde el inicio de sus actividades, se ha vuelto a la atenci\u00f3n de personas jur\u00eddicas de los m\u00e1s variados segmentos, con el concepto de adecuar estructura, operaci\u00f3n, gesti\u00f3n y control de las empresas las exigencias de la legislaci\u00f3n. En este contexto, siempre busc\u00f3, de forma conservadora, la adecuada eficiencia del binomio Costo x Risco.<\/p>\n<p style=\"text-align: justify; font-size: 19px; color: #000;\">La actuaci\u00f3n de la oficina en las sesiones consultiva y contenciosa permite la retroalimentaci\u00f3n de \u00e9stas por el intercambio de conocimiento y experiencia entre sus profesionales, alimentando el ciclo causa consecuencia.<\/p>\n<p style=\"text-align: justify; font-size: 19px; color: #000;\">La armon\u00eda, la diversidad de formaci\u00f3n y la experiencia de los profesionales que integran la oficina permiten la evaluaci\u00f3n 360\u00ba de las repercusiones internas y externas derivadas de las decisiones tomadas en virtud de la moderna gesti\u00f3n empresarial.<\/p>\n<\/div><div class=\"fusion-clearfix\"><\/div><\/div><\/div><\/div><\/div><\/p>\n","protected":false},"excerpt":{"rendered":"","protected":false},"author":1,"featured_media":0,"parent":0,"menu_order":0,"comment_status":"closed","ping_status":"closed","template":"100-width.php","meta":{"footnotes":""},"class_list":["post-3722","page","type-page","status-publish","hentry"],"_links":{"self":[{"href":"https:\/\/www.vivacquaadvogados.com\/es\/wp-json\/wp\/v2\/pages\/3722\/"}],"collection":[{"href":"https:\/\/www.vivacquaadvogados.com\/es\/wp-json\/wp\/v2\/pages\/"}],"about":[{"href":"https:\/\/www.vivacquaadvogados.com\/es\/wp-json\/wp\/v2\/types\/page\/"}],"author":[{"embeddable":true,"href":"https:\/\/www.vivacquaadvogados.com\/es\/wp-json\/wp\/v2\/users\/1\/"}],"replies":[{"embeddable":true,"href":"https:\/\/www.vivacquaadvogados.com\/es\/wp-json\/wp\/v2\/comments\/?post=3722"}],"version-history":[{"count":18,"href":"https:\/\/www.vivacquaadvogados.com\/es\/wp-json\/wp\/v2\/pages\/3722\/revisions\/"}],"predecessor-version":[{"id":136534,"href":"https:\/\/www.vivacquaadvogados.com\/es\/wp-json\/wp\/v2\/pages\/3722\/revisions\/136534\/"}],"wp:attachment":[{"href":"https:\/\/www.vivacquaadvogados.com\/es\/wp-json\/wp\/v2\/media\/?parent=3722"}],"curies":[{"name":"wp","href":"https:\/\/api.w.org\/{rel}","templated":true}]}}